{"id":2177,"date":"2022-05-17T11:22:50","date_gmt":"2022-05-17T09:22:50","guid":{"rendered":"http:\/\/rde.it\/?page_id=2177"},"modified":"2022-07-06T17:01:23","modified_gmt":"2022-07-06T15:01:23","slug":"perche-rizzani-de-eccher","status":"publish","type":"page","link":"https:\/\/rde.it\/it\/lavora-con-noi\/perche-rizzani-de-eccher\/","title":{"rendered":"Perch\u00e9 Rizzani de Eccher"},"content":{"rendered":"<p>Rizzani de Eccher \u00e8 un gruppo imprenditoriale internazionale, leader nel settore delle costruzioni e dell&#8217;ingegneria, che promuove principi etici, sociali e ambientali nei rapporti con lavoratori, clienti e fornitori al fine di migliorare il benessere della societ\u00e0.<\/p>\n<ul>\n<li class=\"video_container wpview wpview-wrap\" contenteditable=\"false\" data-wpview-text=\"%5Bembed%5Dhttps%3A%2F%2Fvimeo.com%2F715904845%5B%2Fembed%5D\" data-wpview-type=\"embed\"><iframe title=\"Interviste Rizzani_1.mp4\" src=\"https:\/\/player.vimeo.com\/video\/715904845?h=950e91329c&amp;dnt=1&amp;app_id=122963\" frameborder=\"0\" allowfullscreen=\"allowfullscreen\"><span style=\"display: inline-block; width: 0px; overflow: hidden; line-height: 0;\" data-mce-type=\"bookmark\" class=\"mce_SELRES_start\">\ufeff<\/span><\/iframe><\/li>\n<li class=\"video_container wpview wpview-wrap\" contenteditable=\"false\" data-wpview-text=\"%5Bembed%5Dhttps%3A%2F%2Fvimeo.com%2F715909063%5B%2Fembed%5D\" data-wpview-type=\"embed\"><iframe title=\"Interviste Rizzani_2.mp4\" src=\"https:\/\/player.vimeo.com\/video\/715909063?h=47e6faba3c&amp;dnt=1&amp;app_id=122963\" frameborder=\"0\" allowfullscreen=\"allowfullscreen\"><\/iframe><\/li>\n<\/ul>\n<p>&nbsp;<\/p>\n<p><strong> CULTURA UNICA<\/strong><\/p>\n<p>Rizzani de Eccher \u00e8 un ambiente vivace con una forza lavoro multinazionale caratterizzata da una spinta competitiva e orientata ai risultati. <\/p>\n<p>Siamo orgogliosi di sottolineare che la nostra cultura aziendale non \u00e8 solo eccezionale, ma anche vitale per il progresso continuo. Gli impeccabili risultati di Rizzani de Eccher non sono stati raggiunti dalla semplice fortuna, ma dal duro lavoro incessante.<\/p>\n<ul>\n<li class=\"video_container wpview wpview-wrap\" contenteditable=\"false\" data-wpview-text=\"%5Bembed%5Dhttps%3A%2F%2Fvimeo.com%2F715904845%5B%2Fembed%5D\" data-wpview-type=\"embed\"><iframe title=\"Interviste Rizzani_1.mp4\" src=\"https:\/\/player.vimeo.com\/video\/715909503?h=950e91329c&amp;dnt=1&amp;app_id=122963\" frameborder=\"0\" allowfullscreen=\"allowfullscreen\"><\/iframe><\/li>\n<li class=\"video_container wpview wpview-wrap\" contenteditable=\"false\" data-wpview-text=\"%5Bembed%5Dhttps%3A%2F%2Fvimeo.com%2F715909063%5B%2Fembed%5D\" data-wpview-type=\"embed\"><iframe title=\"Interviste Rizzani_2.mp4\" src=\"https:\/\/player.vimeo.com\/video\/715910252?h=47e6faba3c&amp;dnt=1&amp;app_id=122963\" frameborder=\"0\" allowfullscreen=\"allowfullscreen\"><\/iframe><\/li>\n<\/ul>\n<p>&nbsp;<\/p>\n<p>Tuttavia, il fattore decisivo durante tutti i decenni si manifesta nell&#8217;insieme di tratti culturali unici che ci definiscono.<br \/>\nLa cultura distintiva radicata in Rizzani de Eccher si basa sui Valori Familiari di Integrit\u00e0, Lealt\u00e0, Umilt\u00e0 e Onest\u00e0.<\/p>\n<ul>\n<li class=\"video_container wpview wpview-wrap\" contenteditable=\"false\" data-wpview-text=\"%5Bembed%5Dhttps%3A%2F%2Fvimeo.com%2F715904845%5B%2Fembed%5D\" data-wpview-type=\"embed\"><iframe title=\"Interviste Rizzani_1.mp4\" src=\"https:\/\/player.vimeo.com\/video\/715910585?h=950e91329c&amp;dnt=1&amp;app_id=122963\" frameborder=\"0\" allowfullscreen=\"allowfullscreen\"><\/iframe><\/li>\n<li class=\"video_container wpview wpview-wrap\" contenteditable=\"false\" data-wpview-text=\"%5Bembed%5Dhttps%3A%2F%2Fvimeo.com%2F715909063%5B%2Fembed%5D\" data-wpview-type=\"embed\"><iframe title=\"Interviste Rizzani_2.mp4\" src=\"https:\/\/player.vimeo.com\/video\/715910724?h=47e6faba3c&amp;dnt=1&amp;app_id=122963\" frameborder=\"0\" allowfullscreen=\"allowfullscreen\"><\/iframe><\/li>\n<\/ul>\n<p>&nbsp;<\/p>\n<p>Il senso di appartenenza vissuta dai dipendenti e il clima familiare prevalente, porta inevitabilmente a un ambiente stimolante, vivace e dinamico, nonostante la sua diffusione geografica. <\/p>\n<p>Rizzani de Eccher \u00e8 una seconda casa per tutti i membri della famiglia Rizzani de Eccher.<\/p>\n<ul>\n<li class=\"video_container wpview wpview-wrap\" contenteditable=\"false\" data-wpview-text=\"%5Bembed%5Dhttps%3A%2F%2Fvimeo.com%2F715904845%5B%2Fembed%5D\" data-wpview-type=\"embed\"><iframe title=\"Interviste Rizzani_1.mp4\" src=\"https:\/\/player.vimeo.com\/video\/715911305?h=950e91329c&amp;dnt=1&amp;app_id=122963\" frameborder=\"0\" allowfullscreen=\"allowfullscreen\"><\/iframe><\/li>\n<li class=\"video_container wpview wpview-wrap\" contenteditable=\"false\" data-wpview-text=\"%5Bembed%5Dhttps%3A%2F%2Fvimeo.com%2F715909063%5B%2Fembed%5D\" data-wpview-type=\"embed\"><iframe title=\"Interviste Rizzani_2.mp4\" src=\"https:\/\/player.vimeo.com\/video\/715911442?h=47e6faba3c&amp;dnt=1&amp;app_id=122963\" frameborder=\"0\" allowfullscreen=\"allowfullscreen\"><\/iframe><\/li>\n<\/ul>\n<p>&nbsp;<\/p>\n","protected":false},"excerpt":{"rendered":"<p>Rizzani de Eccher \u00e8 un gruppo imprenditoriale internazionale, leader nel settore delle costruzioni e dell&#8217;ingegneria, che promuove principi etici, sociali e ambientali nei rapporti con lavoratori, clienti e fornitori al fine di migliorare il benessere della societ\u00e0. \ufeff &nbsp; CULTURA UNICA Rizzani de Eccher \u00e8 un ambiente vivace con una forza lavoro multinazionale caratterizzata da [&hellip;]<\/p>\n","protected":false},"author":1,"featured_media":2620,"parent":2886,"menu_order":48,"comment_status":"closed","ping_status":"closed","template":"","meta":{"_acf_changed":false,"footnotes":""},"class_list":["post-2177","page","type-page","status-publish","has-post-thumbnail","hentry"],"acf":[],"yoast_head":"<!-- This site is optimized with the Yoast SEO plugin v27.3 - https:\/\/yoast.com\/product\/yoast-seo-wordpress\/ -->\n<title>Perch\u00e9 Rizzani de Eccher - Rizzani de Eccher<\/title>\n<meta name=\"robots\" content=\"index, follow, max-snippet:-1, max-image-preview:large, max-video-preview:-1\" \/>\n<link rel=\"canonical\" href=\"https:\/\/rde.it\/it\/lavora-con-noi\/perche-rizzani-de-eccher\/\" \/>\n<meta property=\"og:locale\" content=\"it_IT\" \/>\n<meta property=\"og:type\" content=\"article\" \/>\n<meta property=\"og:title\" content=\"Perch\u00e9 Rizzani de Eccher - Rizzani de Eccher\" \/>\n<meta property=\"og:description\" content=\"Rizzani de Eccher \u00e8 un gruppo imprenditoriale internazionale, leader nel settore delle costruzioni e dell&#8217;ingegneria, che promuove principi etici, sociali e ambientali nei rapporti con lavoratori, clienti e fornitori al fine di migliorare il benessere della societ\u00e0. \ufeff &nbsp; CULTURA UNICA Rizzani de Eccher \u00e8 un ambiente vivace con una forza lavoro multinazionale caratterizzata da [&hellip;]\" \/>\n<meta property=\"og:url\" content=\"https:\/\/rde.it\/it\/lavora-con-noi\/perche-rizzani-de-eccher\/\" \/>\n<meta property=\"og:site_name\" content=\"Rizzani de Eccher\" \/>\n<meta property=\"article:modified_time\" content=\"2022-07-06T15:01:23+00:00\" \/>\n<meta property=\"og:image\" content=\"https:\/\/rde.it\/wp-content\/uploads\/2022\/06\/copertina-why-us-.jpg\" \/>\n\t<meta property=\"og:image:width\" content=\"1920\" \/>\n\t<meta property=\"og:image:height\" content=\"760\" \/>\n\t<meta property=\"og:image:type\" content=\"image\/jpeg\" \/>\n<meta name=\"twitter:card\" content=\"summary_large_image\" \/>\n<meta name=\"twitter:label1\" content=\"Tempo di lettura stimato\" \/>\n\t<meta name=\"twitter:data1\" content=\"1 minuto\" \/>\n<script type=\"application\/ld+json\" class=\"yoast-schema-graph\">{\"@context\":\"https:\\\/\\\/schema.org\",\"@graph\":[{\"@type\":\"WebPage\",\"@id\":\"https:\\\/\\\/rde.it\\\/it\\\/lavora-con-noi\\\/perche-rizzani-de-eccher\\\/\",\"url\":\"https:\\\/\\\/rde.it\\\/it\\\/lavora-con-noi\\\/perche-rizzani-de-eccher\\\/\",\"name\":\"Perch\u00e9 Rizzani de Eccher - Rizzani de Eccher\",\"isPartOf\":{\"@id\":\"https:\\\/\\\/rde.it\\\/en\\\/#website\"},\"primaryImageOfPage\":{\"@id\":\"https:\\\/\\\/rde.it\\\/it\\\/lavora-con-noi\\\/perche-rizzani-de-eccher\\\/#primaryimage\"},\"image\":{\"@id\":\"https:\\\/\\\/rde.it\\\/it\\\/lavora-con-noi\\\/perche-rizzani-de-eccher\\\/#primaryimage\"},\"thumbnailUrl\":\"https:\\\/\\\/rde.it\\\/wp-content\\\/uploads\\\/2022\\\/06\\\/copertina-why-us-.jpg\",\"datePublished\":\"2022-05-17T09:22:50+00:00\",\"dateModified\":\"2022-07-06T15:01:23+00:00\",\"breadcrumb\":{\"@id\":\"https:\\\/\\\/rde.it\\\/it\\\/lavora-con-noi\\\/perche-rizzani-de-eccher\\\/#breadcrumb\"},\"inLanguage\":\"it-IT\",\"potentialAction\":[{\"@type\":\"ReadAction\",\"target\":[\"https:\\\/\\\/rde.it\\\/it\\\/lavora-con-noi\\\/perche-rizzani-de-eccher\\\/\"]}]},{\"@type\":\"ImageObject\",\"inLanguage\":\"it-IT\",\"@id\":\"https:\\\/\\\/rde.it\\\/it\\\/lavora-con-noi\\\/perche-rizzani-de-eccher\\\/#primaryimage\",\"url\":\"https:\\\/\\\/rde.it\\\/wp-content\\\/uploads\\\/2022\\\/06\\\/copertina-why-us-.jpg\",\"contentUrl\":\"https:\\\/\\\/rde.it\\\/wp-content\\\/uploads\\\/2022\\\/06\\\/copertina-why-us-.jpg\",\"width\":1920,\"height\":760},{\"@type\":\"BreadcrumbList\",\"@id\":\"https:\\\/\\\/rde.it\\\/it\\\/lavora-con-noi\\\/perche-rizzani-de-eccher\\\/#breadcrumb\",\"itemListElement\":[{\"@type\":\"ListItem\",\"position\":1,\"name\":\"Home\",\"item\":\"https:\\\/\\\/rde.it\\\/it\\\/\"},{\"@type\":\"ListItem\",\"position\":2,\"name\":\"Lavora con noi\",\"item\":\"https:\\\/\\\/rde.it\\\/it\\\/lavora-con-noi\\\/\"},{\"@type\":\"ListItem\",\"position\":3,\"name\":\"Perch\u00e9 Rizzani de Eccher\"}]},{\"@type\":\"WebSite\",\"@id\":\"https:\\\/\\\/rde.it\\\/en\\\/#website\",\"url\":\"https:\\\/\\\/rde.it\\\/en\\\/\",\"name\":\"Rizzani de Eccher\",\"description\":\"General contractor\",\"publisher\":{\"@id\":\"https:\\\/\\\/rde.it\\\/en\\\/#organization\"},\"potentialAction\":[{\"@type\":\"SearchAction\",\"target\":{\"@type\":\"EntryPoint\",\"urlTemplate\":\"https:\\\/\\\/rde.it\\\/en\\\/?s={search_term_string}\"},\"query-input\":{\"@type\":\"PropertyValueSpecification\",\"valueRequired\":true,\"valueName\":\"search_term_string\"}}],\"inLanguage\":\"it-IT\"},{\"@type\":\"Organization\",\"@id\":\"https:\\\/\\\/rde.it\\\/en\\\/#organization\",\"name\":\"Rizzani de Eccher\",\"url\":\"https:\\\/\\\/rde.it\\\/en\\\/\",\"logo\":{\"@type\":\"ImageObject\",\"inLanguage\":\"it-IT\",\"@id\":\"https:\\\/\\\/rde.it\\\/en\\\/#\\\/schema\\\/logo\\\/image\\\/\",\"url\":\"https:\\\/\\\/rde.it\\\/wp-content\\\/uploads\\\/2021\\\/10\\\/logoDeEccher.svg\",\"contentUrl\":\"https:\\\/\\\/rde.it\\\/wp-content\\\/uploads\\\/2021\\\/10\\\/logoDeEccher.svg\",\"width\":250,\"height\":60,\"caption\":\"Rizzani de Eccher\"},\"image\":{\"@id\":\"https:\\\/\\\/rde.it\\\/en\\\/#\\\/schema\\\/logo\\\/image\\\/\"}}]}<\/script>\n<!-- \/ Yoast SEO plugin. -->","yoast_head_json":{"title":"Perch\u00e9 Rizzani de Eccher - Rizzani de Eccher","robots":{"index":"index","follow":"follow","max-snippet":"max-snippet:-1","max-image-preview":"max-image-preview:large","max-video-preview":"max-video-preview:-1"},"canonical":"https:\/\/rde.it\/it\/lavora-con-noi\/perche-rizzani-de-eccher\/","og_locale":"it_IT","og_type":"article","og_title":"Perch\u00e9 Rizzani de Eccher - Rizzani de Eccher","og_description":"Rizzani de Eccher \u00e8 un gruppo imprenditoriale internazionale, leader nel settore delle costruzioni e dell&#8217;ingegneria, che promuove principi etici, sociali e ambientali nei rapporti con lavoratori, clienti e fornitori al fine di migliorare il benessere della societ\u00e0. \ufeff &nbsp; CULTURA UNICA Rizzani de Eccher \u00e8 un ambiente vivace con una forza lavoro multinazionale caratterizzata da [&hellip;]","og_url":"https:\/\/rde.it\/it\/lavora-con-noi\/perche-rizzani-de-eccher\/","og_site_name":"Rizzani de Eccher","article_modified_time":"2022-07-06T15:01:23+00:00","og_image":[{"width":1920,"height":760,"url":"https:\/\/rde.it\/wp-content\/uploads\/2022\/06\/copertina-why-us-.jpg","type":"image\/jpeg"}],"twitter_card":"summary_large_image","twitter_misc":{"Tempo di lettura stimato":"1 minuto"},"schema":{"@context":"https:\/\/schema.org","@graph":[{"@type":"WebPage","@id":"https:\/\/rde.it\/it\/lavora-con-noi\/perche-rizzani-de-eccher\/","url":"https:\/\/rde.it\/it\/lavora-con-noi\/perche-rizzani-de-eccher\/","name":"Perch\u00e9 Rizzani de Eccher - Rizzani de Eccher","isPartOf":{"@id":"https:\/\/rde.it\/en\/#website"},"primaryImageOfPage":{"@id":"https:\/\/rde.it\/it\/lavora-con-noi\/perche-rizzani-de-eccher\/#primaryimage"},"image":{"@id":"https:\/\/rde.it\/it\/lavora-con-noi\/perche-rizzani-de-eccher\/#primaryimage"},"thumbnailUrl":"https:\/\/rde.it\/wp-content\/uploads\/2022\/06\/copertina-why-us-.jpg","datePublished":"2022-05-17T09:22:50+00:00","dateModified":"2022-07-06T15:01:23+00:00","breadcrumb":{"@id":"https:\/\/rde.it\/it\/lavora-con-noi\/perche-rizzani-de-eccher\/#breadcrumb"},"inLanguage":"it-IT","potentialAction":[{"@type":"ReadAction","target":["https:\/\/rde.it\/it\/lavora-con-noi\/perche-rizzani-de-eccher\/"]}]},{"@type":"ImageObject","inLanguage":"it-IT","@id":"https:\/\/rde.it\/it\/lavora-con-noi\/perche-rizzani-de-eccher\/#primaryimage","url":"https:\/\/rde.it\/wp-content\/uploads\/2022\/06\/copertina-why-us-.jpg","contentUrl":"https:\/\/rde.it\/wp-content\/uploads\/2022\/06\/copertina-why-us-.jpg","width":1920,"height":760},{"@type":"BreadcrumbList","@id":"https:\/\/rde.it\/it\/lavora-con-noi\/perche-rizzani-de-eccher\/#breadcrumb","itemListElement":[{"@type":"ListItem","position":1,"name":"Home","item":"https:\/\/rde.it\/it\/"},{"@type":"ListItem","position":2,"name":"Lavora con noi","item":"https:\/\/rde.it\/it\/lavora-con-noi\/"},{"@type":"ListItem","position":3,"name":"Perch\u00e9 Rizzani de Eccher"}]},{"@type":"WebSite","@id":"https:\/\/rde.it\/en\/#website","url":"https:\/\/rde.it\/en\/","name":"Rizzani de Eccher","description":"General contractor","publisher":{"@id":"https:\/\/rde.it\/en\/#organization"},"potentialAction":[{"@type":"SearchAction","target":{"@type":"EntryPoint","urlTemplate":"https:\/\/rde.it\/en\/?s={search_term_string}"},"query-input":{"@type":"PropertyValueSpecification","valueRequired":true,"valueName":"search_term_string"}}],"inLanguage":"it-IT"},{"@type":"Organization","@id":"https:\/\/rde.it\/en\/#organization","name":"Rizzani de Eccher","url":"https:\/\/rde.it\/en\/","logo":{"@type":"ImageObject","inLanguage":"it-IT","@id":"https:\/\/rde.it\/en\/#\/schema\/logo\/image\/","url":"https:\/\/rde.it\/wp-content\/uploads\/2021\/10\/logoDeEccher.svg","contentUrl":"https:\/\/rde.it\/wp-content\/uploads\/2021\/10\/logoDeEccher.svg","width":250,"height":60,"caption":"Rizzani de Eccher"},"image":{"@id":"https:\/\/rde.it\/en\/#\/schema\/logo\/image\/"}}]}},"distributor_meta":false,"distributor_terms":false,"distributor_media":false,"distributor_original_site_name":"Rizzani de Eccher","distributor_original_site_url":"https:\/\/rde.it\/it\/","push-errors":false,"_links":{"self":[{"href":"https:\/\/rde.it\/it\/wp-json\/wp\/v2\/pages\/2177","targetHints":{"allow":["GET"]}}],"collection":[{"href":"https:\/\/rde.it\/it\/wp-json\/wp\/v2\/pages"}],"about":[{"href":"https:\/\/rde.it\/it\/wp-json\/wp\/v2\/types\/page"}],"author":[{"embeddable":true,"href":"https:\/\/rde.it\/it\/wp-json\/wp\/v2\/users\/1"}],"replies":[{"embeddable":true,"href":"https:\/\/rde.it\/it\/wp-json\/wp\/v2\/comments?post=2177"}],"version-history":[{"count":5,"href":"https:\/\/rde.it\/it\/wp-json\/wp\/v2\/pages\/2177\/revisions"}],"predecessor-version":[{"id":2916,"href":"https:\/\/rde.it\/it\/wp-json\/wp\/v2\/pages\/2177\/revisions\/2916"}],"up":[{"embeddable":true,"href":"https:\/\/rde.it\/it\/wp-json\/wp\/v2\/pages\/2886"}],"wp:featuredmedia":[{"embeddable":true,"href":"https:\/\/rde.it\/it\/wp-json\/wp\/v2\/media\/2620"}],"wp:attachment":[{"href":"https:\/\/rde.it\/it\/wp-json\/wp\/v2\/media?parent=2177"}],"curies":[{"name":"wp","href":"https:\/\/api.w.org\/{rel}","templated":true}]}}