{"id":2854,"date":"2022-07-01T12:13:22","date_gmt":"2022-07-01T10:13:22","guid":{"rendered":"https:\/\/rde.it\/?page_id=2854"},"modified":"2022-07-08T10:54:34","modified_gmt":"2022-07-08T08:54:34","slug":"edifici","status":"publish","type":"page","link":"https:\/\/rde.it\/it\/cosa-facciamo\/edifici\/","title":{"rendered":"Edilizia"},"content":{"rendered":"<p>Costruire secondo i pi\u00f9 alti standard, questo \u00e8 l&#8217;obiettivo che Rizzani de Eccher ha sempre perseguito.<br \/>\nNel corso dei suoi quasi due secoli di storia, Rizzani de Eccher ha registrato un vastissimo palmares di opere diverse per dimensioni, tipologia e complessit\u00e0.<br \/>\nCiascuno dei nostri progetti \u2013 che si tratti di una casa, una fabbrica, una scuola, un ospedale, un hotel o un teatro \u2013 \u00e8 caratterizzato dall&#8217;incessabile determinazione a rispettare gli standard pi\u00f9 rigorosi in termini di materiali, processi costruttivi e professionalit\u00e0.<br \/>\nCombinando in un unico approccio integrato priorit\u00e0 quali qualit\u00e0 della vita, bellezza architettonica, utilit\u00e0 del progetto e sviluppo sostenibile, Rizzani de Eccher ha eseguito molti progetti edilizi con eccezionali attributi architettonici, tecnologici e funzionali.<\/p>\n","protected":false},"excerpt":{"rendered":"<p>Costruire secondo i pi\u00f9 alti standard, questo \u00e8 l&#8217;obiettivo che Rizzani de Eccher ha sempre perseguito. Nel corso dei suoi quasi due secoli di storia, Rizzani de Eccher ha registrato un vastissimo palmares di opere diverse per dimensioni, tipologia e complessit\u00e0. Ciascuno dei nostri progetti \u2013 che si tratti di una casa, una fabbrica, una [&hellip;]<\/p>\n","protected":false},"author":1,"featured_media":1229,"parent":30,"menu_order":56,"comment_status":"closed","ping_status":"closed","template":"page-settori.php","meta":{"_acf_changed":false,"footnotes":""},"class_list":["post-2854","page","type-page","status-publish","has-post-thumbnail","hentry"],"acf":[],"yoast_head":"<!-- This site is optimized with the Yoast SEO plugin v27.3 - https:\/\/yoast.com\/product\/yoast-seo-wordpress\/ -->\n<title>Edilizia - Rizzani de Eccher<\/title>\n<meta name=\"robots\" content=\"index, follow, max-snippet:-1, max-image-preview:large, max-video-preview:-1\" \/>\n<link rel=\"canonical\" href=\"https:\/\/rde.it\/it\/cosa-facciamo\/edifici\/\" \/>\n<meta property=\"og:locale\" content=\"it_IT\" \/>\n<meta property=\"og:type\" content=\"article\" \/>\n<meta property=\"og:title\" content=\"Edilizia - Rizzani de Eccher\" \/>\n<meta property=\"og:description\" content=\"Costruire secondo i pi\u00f9 alti standard, questo \u00e8 l&#8217;obiettivo che Rizzani de Eccher ha sempre perseguito. Nel corso dei suoi quasi due secoli di storia, Rizzani de Eccher ha registrato un vastissimo palmares di opere diverse per dimensioni, tipologia e complessit\u00e0. Ciascuno dei nostri progetti \u2013 che si tratti di una casa, una fabbrica, una [&hellip;]\" \/>\n<meta property=\"og:url\" content=\"https:\/\/rde.it\/it\/cosa-facciamo\/edifici\/\" \/>\n<meta property=\"og:site_name\" content=\"Rizzani de Eccher\" \/>\n<meta property=\"article:modified_time\" content=\"2022-07-08T08:54:34+00:00\" \/>\n<meta property=\"og:image\" content=\"https:\/\/rde.it\/wp-content\/uploads\/2022\/04\/EDILIZIA.jpg\" \/>\n\t<meta property=\"og:image:width\" content=\"992\" \/>\n\t<meta property=\"og:image:height\" content=\"992\" \/>\n\t<meta property=\"og:image:type\" content=\"image\/jpeg\" \/>\n<meta name=\"twitter:card\" content=\"summary_large_image\" \/>\n<meta name=\"twitter:label1\" content=\"Tempo di lettura stimato\" \/>\n\t<meta name=\"twitter:data1\" content=\"1 minuto\" \/>\n<script type=\"application\/ld+json\" class=\"yoast-schema-graph\">{\"@context\":\"https:\\\/\\\/schema.org\",\"@graph\":[{\"@type\":\"WebPage\",\"@id\":\"https:\\\/\\\/rde.it\\\/it\\\/cosa-facciamo\\\/edifici\\\/\",\"url\":\"https:\\\/\\\/rde.it\\\/it\\\/cosa-facciamo\\\/edifici\\\/\",\"name\":\"Edilizia - Rizzani de Eccher\",\"isPartOf\":{\"@id\":\"https:\\\/\\\/rde.it\\\/en\\\/#website\"},\"primaryImageOfPage\":{\"@id\":\"https:\\\/\\\/rde.it\\\/it\\\/cosa-facciamo\\\/edifici\\\/#primaryimage\"},\"image\":{\"@id\":\"https:\\\/\\\/rde.it\\\/it\\\/cosa-facciamo\\\/edifici\\\/#primaryimage\"},\"thumbnailUrl\":\"https:\\\/\\\/rde.it\\\/wp-content\\\/uploads\\\/2022\\\/04\\\/EDILIZIA.jpg\",\"datePublished\":\"2022-07-01T10:13:22+00:00\",\"dateModified\":\"2022-07-08T08:54:34+00:00\",\"breadcrumb\":{\"@id\":\"https:\\\/\\\/rde.it\\\/it\\\/cosa-facciamo\\\/edifici\\\/#breadcrumb\"},\"inLanguage\":\"it-IT\",\"potentialAction\":[{\"@type\":\"ReadAction\",\"target\":[\"https:\\\/\\\/rde.it\\\/it\\\/cosa-facciamo\\\/edifici\\\/\"]}]},{\"@type\":\"ImageObject\",\"inLanguage\":\"it-IT\",\"@id\":\"https:\\\/\\\/rde.it\\\/it\\\/cosa-facciamo\\\/edifici\\\/#primaryimage\",\"url\":\"https:\\\/\\\/rde.it\\\/wp-content\\\/uploads\\\/2022\\\/04\\\/EDILIZIA.jpg\",\"contentUrl\":\"https:\\\/\\\/rde.it\\\/wp-content\\\/uploads\\\/2022\\\/04\\\/EDILIZIA.jpg\",\"width\":992,\"height\":992},{\"@type\":\"BreadcrumbList\",\"@id\":\"https:\\\/\\\/rde.it\\\/it\\\/cosa-facciamo\\\/edifici\\\/#breadcrumb\",\"itemListElement\":[{\"@type\":\"ListItem\",\"position\":1,\"name\":\"Home\",\"item\":\"https:\\\/\\\/rde.it\\\/it\\\/\"},{\"@type\":\"ListItem\",\"position\":2,\"name\":\"Settori\",\"item\":\"https:\\\/\\\/rde.it\\\/it\\\/cosa-facciamo\\\/\"},{\"@type\":\"ListItem\",\"position\":3,\"name\":\"Edilizia\"}]},{\"@type\":\"WebSite\",\"@id\":\"https:\\\/\\\/rde.it\\\/en\\\/#website\",\"url\":\"https:\\\/\\\/rde.it\\\/en\\\/\",\"name\":\"Rizzani de Eccher\",\"description\":\"General contractor\",\"publisher\":{\"@id\":\"https:\\\/\\\/rde.it\\\/en\\\/#organization\"},\"potentialAction\":[{\"@type\":\"SearchAction\",\"target\":{\"@type\":\"EntryPoint\",\"urlTemplate\":\"https:\\\/\\\/rde.it\\\/en\\\/?s={search_term_string}\"},\"query-input\":{\"@type\":\"PropertyValueSpecification\",\"valueRequired\":true,\"valueName\":\"search_term_string\"}}],\"inLanguage\":\"it-IT\"},{\"@type\":\"Organization\",\"@id\":\"https:\\\/\\\/rde.it\\\/en\\\/#organization\",\"name\":\"Rizzani de Eccher\",\"url\":\"https:\\\/\\\/rde.it\\\/en\\\/\",\"logo\":{\"@type\":\"ImageObject\",\"inLanguage\":\"it-IT\",\"@id\":\"https:\\\/\\\/rde.it\\\/en\\\/#\\\/schema\\\/logo\\\/image\\\/\",\"url\":\"https:\\\/\\\/rde.it\\\/wp-content\\\/uploads\\\/2021\\\/10\\\/logoDeEccher.svg\",\"contentUrl\":\"https:\\\/\\\/rde.it\\\/wp-content\\\/uploads\\\/2021\\\/10\\\/logoDeEccher.svg\",\"width\":250,\"height\":60,\"caption\":\"Rizzani de Eccher\"},\"image\":{\"@id\":\"https:\\\/\\\/rde.it\\\/en\\\/#\\\/schema\\\/logo\\\/image\\\/\"}}]}<\/script>\n<!-- \/ Yoast SEO plugin. -->","yoast_head_json":{"title":"Edilizia - Rizzani de Eccher","robots":{"index":"index","follow":"follow","max-snippet":"max-snippet:-1","max-image-preview":"max-image-preview:large","max-video-preview":"max-video-preview:-1"},"canonical":"https:\/\/rde.it\/it\/cosa-facciamo\/edifici\/","og_locale":"it_IT","og_type":"article","og_title":"Edilizia - Rizzani de Eccher","og_description":"Costruire secondo i pi\u00f9 alti standard, questo \u00e8 l&#8217;obiettivo che Rizzani de Eccher ha sempre perseguito. Nel corso dei suoi quasi due secoli di storia, Rizzani de Eccher ha registrato un vastissimo palmares di opere diverse per dimensioni, tipologia e complessit\u00e0. Ciascuno dei nostri progetti \u2013 che si tratti di una casa, una fabbrica, una [&hellip;]","og_url":"https:\/\/rde.it\/it\/cosa-facciamo\/edifici\/","og_site_name":"Rizzani de Eccher","article_modified_time":"2022-07-08T08:54:34+00:00","og_image":[{"width":992,"height":992,"url":"https:\/\/rde.it\/wp-content\/uploads\/2022\/04\/EDILIZIA.jpg","type":"image\/jpeg"}],"twitter_card":"summary_large_image","twitter_misc":{"Tempo di lettura stimato":"1 minuto"},"schema":{"@context":"https:\/\/schema.org","@graph":[{"@type":"WebPage","@id":"https:\/\/rde.it\/it\/cosa-facciamo\/edifici\/","url":"https:\/\/rde.it\/it\/cosa-facciamo\/edifici\/","name":"Edilizia - Rizzani de Eccher","isPartOf":{"@id":"https:\/\/rde.it\/en\/#website"},"primaryImageOfPage":{"@id":"https:\/\/rde.it\/it\/cosa-facciamo\/edifici\/#primaryimage"},"image":{"@id":"https:\/\/rde.it\/it\/cosa-facciamo\/edifici\/#primaryimage"},"thumbnailUrl":"https:\/\/rde.it\/wp-content\/uploads\/2022\/04\/EDILIZIA.jpg","datePublished":"2022-07-01T10:13:22+00:00","dateModified":"2022-07-08T08:54:34+00:00","breadcrumb":{"@id":"https:\/\/rde.it\/it\/cosa-facciamo\/edifici\/#breadcrumb"},"inLanguage":"it-IT","potentialAction":[{"@type":"ReadAction","target":["https:\/\/rde.it\/it\/cosa-facciamo\/edifici\/"]}]},{"@type":"ImageObject","inLanguage":"it-IT","@id":"https:\/\/rde.it\/it\/cosa-facciamo\/edifici\/#primaryimage","url":"https:\/\/rde.it\/wp-content\/uploads\/2022\/04\/EDILIZIA.jpg","contentUrl":"https:\/\/rde.it\/wp-content\/uploads\/2022\/04\/EDILIZIA.jpg","width":992,"height":992},{"@type":"BreadcrumbList","@id":"https:\/\/rde.it\/it\/cosa-facciamo\/edifici\/#breadcrumb","itemListElement":[{"@type":"ListItem","position":1,"name":"Home","item":"https:\/\/rde.it\/it\/"},{"@type":"ListItem","position":2,"name":"Settori","item":"https:\/\/rde.it\/it\/cosa-facciamo\/"},{"@type":"ListItem","position":3,"name":"Edilizia"}]},{"@type":"WebSite","@id":"https:\/\/rde.it\/en\/#website","url":"https:\/\/rde.it\/en\/","name":"Rizzani de Eccher","description":"General contractor","publisher":{"@id":"https:\/\/rde.it\/en\/#organization"},"potentialAction":[{"@type":"SearchAction","target":{"@type":"EntryPoint","urlTemplate":"https:\/\/rde.it\/en\/?s={search_term_string}"},"query-input":{"@type":"PropertyValueSpecification","valueRequired":true,"valueName":"search_term_string"}}],"inLanguage":"it-IT"},{"@type":"Organization","@id":"https:\/\/rde.it\/en\/#organization","name":"Rizzani de Eccher","url":"https:\/\/rde.it\/en\/","logo":{"@type":"ImageObject","inLanguage":"it-IT","@id":"https:\/\/rde.it\/en\/#\/schema\/logo\/image\/","url":"https:\/\/rde.it\/wp-content\/uploads\/2021\/10\/logoDeEccher.svg","contentUrl":"https:\/\/rde.it\/wp-content\/uploads\/2021\/10\/logoDeEccher.svg","width":250,"height":60,"caption":"Rizzani de Eccher"},"image":{"@id":"https:\/\/rde.it\/en\/#\/schema\/logo\/image\/"}}]}},"distributor_meta":false,"distributor_terms":false,"distributor_media":false,"distributor_original_site_name":"Rizzani de Eccher","distributor_original_site_url":"https:\/\/rde.it\/it\/","push-errors":false,"_links":{"self":[{"href":"https:\/\/rde.it\/it\/wp-json\/wp\/v2\/pages\/2854","targetHints":{"allow":["GET"]}}],"collection":[{"href":"https:\/\/rde.it\/it\/wp-json\/wp\/v2\/pages"}],"about":[{"href":"https:\/\/rde.it\/it\/wp-json\/wp\/v2\/types\/page"}],"author":[{"embeddable":true,"href":"https:\/\/rde.it\/it\/wp-json\/wp\/v2\/users\/1"}],"replies":[{"embeddable":true,"href":"https:\/\/rde.it\/it\/wp-json\/wp\/v2\/comments?post=2854"}],"version-history":[{"count":3,"href":"https:\/\/rde.it\/it\/wp-json\/wp\/v2\/pages\/2854\/revisions"}],"predecessor-version":[{"id":3191,"href":"https:\/\/rde.it\/it\/wp-json\/wp\/v2\/pages\/2854\/revisions\/3191"}],"up":[{"embeddable":true,"href":"https:\/\/rde.it\/it\/wp-json\/wp\/v2\/pages\/30"}],"wp:featuredmedia":[{"embeddable":true,"href":"https:\/\/rde.it\/it\/wp-json\/wp\/v2\/media\/1229"}],"wp:attachment":[{"href":"https:\/\/rde.it\/it\/wp-json\/wp\/v2\/media?parent=2854"}],"curies":[{"name":"wp","href":"https:\/\/api.w.org\/{rel}","templated":true}]}}