{"id":2874,"date":"2022-04-29T11:51:51","date_gmt":"2022-04-29T09:51:51","guid":{"rendered":"https:\/\/rde.it\/?page_id=2874"},"modified":"2025-06-06T12:46:15","modified_gmt":"2025-06-06T10:46:15","slug":"board-management","status":"publish","type":"page","link":"https:\/\/rde.it\/it\/chi-siamo\/board-management\/","title":{"rendered":"Consiglio &amp; Gestione"},"content":{"rendered":"<p>Rizzani de Eccher dispone di strutture e regole per garantire un&#8217;efficace corporate governance, la gestione dei rischi e il controllo sia in ciascuna societ\u00e0 del Gruppo che nell&#8217;organizzazione nel suo complesso.<\/p>\n<p>Il Consiglio di Amministrazione fornisce la direzione strategica, la struttura e l&#8217;organizzazione del Gruppo e tutte le decisioni chiave. Il Consiglio di amministrazione \u00e8 investito di tutti i poteri di ordinaria e straordinaria amministrazione della societ\u00e0 e pu\u00f2 compiere tutti gli atti ritenuti opportuni per l&#8217;attuazione delle attivit\u00e0 che costituiscono l&#8217;oggetto sociale o che possono essere utilizzati da esso, nei limiti statutari previsti dalla legge applicabile.<\/p>\n<p>Il Comitato esecutivo \u00e8 responsabile dell&#8217;esecuzione della strategia e dell&#8217;attuazione delle decisioni prese dal Consiglio di amministrazione. Il Comitato esecutivo comprende i principali dirigenti con l&#8217;obiettivo di bilanciare analisi approfondite e rapidit\u00e0 decisionale, come richiesto dall&#8217;attuale contesto progettuale.<\/p>\n<p>L&#8217;organo di revisione, in linea con la normativa italiana, ha il compito di monitorare: l&#8217;osservanza delle leggi e dello statuto; l&#8217;adeguata applicazione dei principi di sana gestione; l&#8217;adeguatezza dell&#8217;organizzazione, del sistema amministrativo-contabile e dell&#8217;affidabilit\u00e0 complessiva della Rizzani de Eccher, al fine di garantire un&#8217;accurata redazione del bilancio; il monitoraggio delle operazioni infragruppo, con parti correlate o con terzi.<\/p>\n<p>&nbsp;<\/p>\n","protected":false},"excerpt":{"rendered":"<p>Rizzani de Eccher dispone di strutture e regole per garantire un&#8217;efficace corporate governance, la gestione dei rischi e il controllo sia in ciascuna societ\u00e0 del Gruppo che nell&#8217;organizzazione nel suo complesso. Il Consiglio di Amministrazione fornisce la direzione strategica, la struttura e l&#8217;organizzazione del Gruppo e tutte le decisioni chiave. Il Consiglio di amministrazione \u00e8 [&hellip;]<\/p>\n","protected":false},"author":1,"featured_media":1483,"parent":2861,"menu_order":7,"comment_status":"closed","ping_status":"closed","template":"page-board.php","meta":{"_acf_changed":false,"footnotes":""},"class_list":["post-2874","page","type-page","status-publish","has-post-thumbnail","hentry"],"acf":[],"yoast_head":"<!-- This site is optimized with the Yoast SEO plugin v27.3 - https:\/\/yoast.com\/product\/yoast-seo-wordpress\/ -->\n<title>Consiglio &amp; Gestione - Rizzani de Eccher<\/title>\n<meta name=\"robots\" content=\"index, follow, max-snippet:-1, max-image-preview:large, max-video-preview:-1\" \/>\n<link rel=\"canonical\" href=\"https:\/\/rde.it\/it\/chi-siamo\/board-management\/\" \/>\n<meta property=\"og:locale\" content=\"it_IT\" \/>\n<meta property=\"og:type\" content=\"article\" \/>\n<meta property=\"og:title\" content=\"Consiglio &amp; Gestione - Rizzani de Eccher\" \/>\n<meta property=\"og:description\" content=\"Rizzani de Eccher dispone di strutture e regole per garantire un&#8217;efficace corporate governance, la gestione dei rischi e il controllo sia in ciascuna societ\u00e0 del Gruppo che nell&#8217;organizzazione nel suo complesso. Il Consiglio di Amministrazione fornisce la direzione strategica, la struttura e l&#8217;organizzazione del Gruppo e tutte le decisioni chiave. Il Consiglio di amministrazione \u00e8 [&hellip;]\" \/>\n<meta property=\"og:url\" content=\"https:\/\/rde.it\/it\/chi-siamo\/board-management\/\" \/>\n<meta property=\"og:site_name\" content=\"Rizzani de Eccher\" \/>\n<meta property=\"article:modified_time\" content=\"2025-06-06T10:46:15+00:00\" \/>\n<meta property=\"og:image\" content=\"https:\/\/rde.it\/wp-content\/uploads\/2022\/05\/board_background.jpg\" \/>\n\t<meta property=\"og:image:width\" content=\"1843\" \/>\n\t<meta property=\"og:image:height\" content=\"954\" \/>\n\t<meta property=\"og:image:type\" content=\"image\/jpeg\" \/>\n<meta name=\"twitter:card\" content=\"summary_large_image\" \/>\n<meta name=\"twitter:label1\" content=\"Tempo di lettura stimato\" \/>\n\t<meta name=\"twitter:data1\" content=\"2 minuti\" \/>\n<script type=\"application\/ld+json\" class=\"yoast-schema-graph\">{\"@context\":\"https:\\\/\\\/schema.org\",\"@graph\":[{\"@type\":\"WebPage\",\"@id\":\"https:\\\/\\\/rde.it\\\/it\\\/chi-siamo\\\/board-management\\\/\",\"url\":\"https:\\\/\\\/rde.it\\\/it\\\/chi-siamo\\\/board-management\\\/\",\"name\":\"Consiglio &amp; Gestione - Rizzani de Eccher\",\"isPartOf\":{\"@id\":\"https:\\\/\\\/rde.it\\\/en\\\/#website\"},\"primaryImageOfPage\":{\"@id\":\"https:\\\/\\\/rde.it\\\/it\\\/chi-siamo\\\/board-management\\\/#primaryimage\"},\"image\":{\"@id\":\"https:\\\/\\\/rde.it\\\/it\\\/chi-siamo\\\/board-management\\\/#primaryimage\"},\"thumbnailUrl\":\"https:\\\/\\\/rde.it\\\/wp-content\\\/uploads\\\/2022\\\/05\\\/board_background.jpg\",\"datePublished\":\"2022-04-29T09:51:51+00:00\",\"dateModified\":\"2025-06-06T10:46:15+00:00\",\"breadcrumb\":{\"@id\":\"https:\\\/\\\/rde.it\\\/it\\\/chi-siamo\\\/board-management\\\/#breadcrumb\"},\"inLanguage\":\"it-IT\",\"potentialAction\":[{\"@type\":\"ReadAction\",\"target\":[\"https:\\\/\\\/rde.it\\\/it\\\/chi-siamo\\\/board-management\\\/\"]}]},{\"@type\":\"ImageObject\",\"inLanguage\":\"it-IT\",\"@id\":\"https:\\\/\\\/rde.it\\\/it\\\/chi-siamo\\\/board-management\\\/#primaryimage\",\"url\":\"https:\\\/\\\/rde.it\\\/wp-content\\\/uploads\\\/2022\\\/05\\\/board_background.jpg\",\"contentUrl\":\"https:\\\/\\\/rde.it\\\/wp-content\\\/uploads\\\/2022\\\/05\\\/board_background.jpg\",\"width\":1843,\"height\":954},{\"@type\":\"BreadcrumbList\",\"@id\":\"https:\\\/\\\/rde.it\\\/it\\\/chi-siamo\\\/board-management\\\/#breadcrumb\",\"itemListElement\":[{\"@type\":\"ListItem\",\"position\":1,\"name\":\"Home\",\"item\":\"https:\\\/\\\/rde.it\\\/it\\\/\"},{\"@type\":\"ListItem\",\"position\":2,\"name\":\"Chi siamo\",\"item\":\"https:\\\/\\\/rde.it\\\/it\\\/chi-siamo\\\/\"},{\"@type\":\"ListItem\",\"position\":3,\"name\":\"Consiglio &amp; Gestione\"}]},{\"@type\":\"WebSite\",\"@id\":\"https:\\\/\\\/rde.it\\\/en\\\/#website\",\"url\":\"https:\\\/\\\/rde.it\\\/en\\\/\",\"name\":\"Rizzani de Eccher\",\"description\":\"General contractor\",\"publisher\":{\"@id\":\"https:\\\/\\\/rde.it\\\/en\\\/#organization\"},\"potentialAction\":[{\"@type\":\"SearchAction\",\"target\":{\"@type\":\"EntryPoint\",\"urlTemplate\":\"https:\\\/\\\/rde.it\\\/en\\\/?s={search_term_string}\"},\"query-input\":{\"@type\":\"PropertyValueSpecification\",\"valueRequired\":true,\"valueName\":\"search_term_string\"}}],\"inLanguage\":\"it-IT\"},{\"@type\":\"Organization\",\"@id\":\"https:\\\/\\\/rde.it\\\/en\\\/#organization\",\"name\":\"Rizzani de Eccher\",\"url\":\"https:\\\/\\\/rde.it\\\/en\\\/\",\"logo\":{\"@type\":\"ImageObject\",\"inLanguage\":\"it-IT\",\"@id\":\"https:\\\/\\\/rde.it\\\/en\\\/#\\\/schema\\\/logo\\\/image\\\/\",\"url\":\"https:\\\/\\\/rde.it\\\/wp-content\\\/uploads\\\/2021\\\/10\\\/logoDeEccher.svg\",\"contentUrl\":\"https:\\\/\\\/rde.it\\\/wp-content\\\/uploads\\\/2021\\\/10\\\/logoDeEccher.svg\",\"width\":250,\"height\":60,\"caption\":\"Rizzani de Eccher\"},\"image\":{\"@id\":\"https:\\\/\\\/rde.it\\\/en\\\/#\\\/schema\\\/logo\\\/image\\\/\"}}]}<\/script>\n<!-- \/ Yoast SEO plugin. -->","yoast_head_json":{"title":"Consiglio &amp; Gestione - Rizzani de Eccher","robots":{"index":"index","follow":"follow","max-snippet":"max-snippet:-1","max-image-preview":"max-image-preview:large","max-video-preview":"max-video-preview:-1"},"canonical":"https:\/\/rde.it\/it\/chi-siamo\/board-management\/","og_locale":"it_IT","og_type":"article","og_title":"Consiglio &amp; Gestione - Rizzani de Eccher","og_description":"Rizzani de Eccher dispone di strutture e regole per garantire un&#8217;efficace corporate governance, la gestione dei rischi e il controllo sia in ciascuna societ\u00e0 del Gruppo che nell&#8217;organizzazione nel suo complesso. Il Consiglio di Amministrazione fornisce la direzione strategica, la struttura e l&#8217;organizzazione del Gruppo e tutte le decisioni chiave. Il Consiglio di amministrazione \u00e8 [&hellip;]","og_url":"https:\/\/rde.it\/it\/chi-siamo\/board-management\/","og_site_name":"Rizzani de Eccher","article_modified_time":"2025-06-06T10:46:15+00:00","og_image":[{"width":1843,"height":954,"url":"https:\/\/rde.it\/wp-content\/uploads\/2022\/05\/board_background.jpg","type":"image\/jpeg"}],"twitter_card":"summary_large_image","twitter_misc":{"Tempo di lettura stimato":"2 minuti"},"schema":{"@context":"https:\/\/schema.org","@graph":[{"@type":"WebPage","@id":"https:\/\/rde.it\/it\/chi-siamo\/board-management\/","url":"https:\/\/rde.it\/it\/chi-siamo\/board-management\/","name":"Consiglio &amp; Gestione - Rizzani de Eccher","isPartOf":{"@id":"https:\/\/rde.it\/en\/#website"},"primaryImageOfPage":{"@id":"https:\/\/rde.it\/it\/chi-siamo\/board-management\/#primaryimage"},"image":{"@id":"https:\/\/rde.it\/it\/chi-siamo\/board-management\/#primaryimage"},"thumbnailUrl":"https:\/\/rde.it\/wp-content\/uploads\/2022\/05\/board_background.jpg","datePublished":"2022-04-29T09:51:51+00:00","dateModified":"2025-06-06T10:46:15+00:00","breadcrumb":{"@id":"https:\/\/rde.it\/it\/chi-siamo\/board-management\/#breadcrumb"},"inLanguage":"it-IT","potentialAction":[{"@type":"ReadAction","target":["https:\/\/rde.it\/it\/chi-siamo\/board-management\/"]}]},{"@type":"ImageObject","inLanguage":"it-IT","@id":"https:\/\/rde.it\/it\/chi-siamo\/board-management\/#primaryimage","url":"https:\/\/rde.it\/wp-content\/uploads\/2022\/05\/board_background.jpg","contentUrl":"https:\/\/rde.it\/wp-content\/uploads\/2022\/05\/board_background.jpg","width":1843,"height":954},{"@type":"BreadcrumbList","@id":"https:\/\/rde.it\/it\/chi-siamo\/board-management\/#breadcrumb","itemListElement":[{"@type":"ListItem","position":1,"name":"Home","item":"https:\/\/rde.it\/it\/"},{"@type":"ListItem","position":2,"name":"Chi siamo","item":"https:\/\/rde.it\/it\/chi-siamo\/"},{"@type":"ListItem","position":3,"name":"Consiglio &amp; Gestione"}]},{"@type":"WebSite","@id":"https:\/\/rde.it\/en\/#website","url":"https:\/\/rde.it\/en\/","name":"Rizzani de Eccher","description":"General contractor","publisher":{"@id":"https:\/\/rde.it\/en\/#organization"},"potentialAction":[{"@type":"SearchAction","target":{"@type":"EntryPoint","urlTemplate":"https:\/\/rde.it\/en\/?s={search_term_string}"},"query-input":{"@type":"PropertyValueSpecification","valueRequired":true,"valueName":"search_term_string"}}],"inLanguage":"it-IT"},{"@type":"Organization","@id":"https:\/\/rde.it\/en\/#organization","name":"Rizzani de Eccher","url":"https:\/\/rde.it\/en\/","logo":{"@type":"ImageObject","inLanguage":"it-IT","@id":"https:\/\/rde.it\/en\/#\/schema\/logo\/image\/","url":"https:\/\/rde.it\/wp-content\/uploads\/2021\/10\/logoDeEccher.svg","contentUrl":"https:\/\/rde.it\/wp-content\/uploads\/2021\/10\/logoDeEccher.svg","width":250,"height":60,"caption":"Rizzani de Eccher"},"image":{"@id":"https:\/\/rde.it\/en\/#\/schema\/logo\/image\/"}}]}},"distributor_meta":false,"distributor_terms":false,"distributor_media":false,"distributor_original_site_name":"Rizzani de Eccher","distributor_original_site_url":"https:\/\/rde.it\/it\/","push-errors":false,"_links":{"self":[{"href":"https:\/\/rde.it\/it\/wp-json\/wp\/v2\/pages\/2874","targetHints":{"allow":["GET"]}}],"collection":[{"href":"https:\/\/rde.it\/it\/wp-json\/wp\/v2\/pages"}],"about":[{"href":"https:\/\/rde.it\/it\/wp-json\/wp\/v2\/types\/page"}],"author":[{"embeddable":true,"href":"https:\/\/rde.it\/it\/wp-json\/wp\/v2\/users\/1"}],"replies":[{"embeddable":true,"href":"https:\/\/rde.it\/it\/wp-json\/wp\/v2\/comments?post=2874"}],"version-history":[{"count":24,"href":"https:\/\/rde.it\/it\/wp-json\/wp\/v2\/pages\/2874\/revisions"}],"predecessor-version":[{"id":9690,"href":"https:\/\/rde.it\/it\/wp-json\/wp\/v2\/pages\/2874\/revisions\/9690"}],"up":[{"embeddable":true,"href":"https:\/\/rde.it\/it\/wp-json\/wp\/v2\/pages\/2861"}],"wp:featuredmedia":[{"embeddable":true,"href":"https:\/\/rde.it\/it\/wp-json\/wp\/v2\/media\/1483"}],"wp:attachment":[{"href":"https:\/\/rde.it\/it\/wp-json\/wp\/v2\/media?parent=2874"}],"curies":[{"name":"wp","href":"https:\/\/api.w.org\/{rel}","templated":true}]}}