{"id":2907,"date":"2022-07-06T16:26:43","date_gmt":"2022-07-06T14:26:43","guid":{"rendered":"https:\/\/rde.it\/?page_id=2907"},"modified":"2022-07-07T23:09:11","modified_gmt":"2022-07-07T21:09:11","slug":"percorso-allestero","status":"publish","type":"page","link":"https:\/\/rde.it\/it\/lavora-con-noi\/percorso-allestero\/","title":{"rendered":"PERCORSO ALL&#8217;ESTERO"},"content":{"rendered":"<p>Con una presenza in pi\u00f9 di 20 paesi in tutto il mondo e impiegando pi\u00f9 di 45 nazionalit\u00e0 diverse, abbiamo fatto dell&#8217;espatrio una delle nostre principali risorse.<\/p>\n<p>Grazie al nostro profilo internazionale e alla nostra mobilit\u00e0 interna, puoi, ad esempio, iniziare la tua carriera nel nostro mercato nazionale, per poi essere trasferito per un periodo di tempo definito in un altro paese all&#8217;interno o all&#8217;esterno dell&#8217;Europa e, infine, scegliere di tornare o stare all&#8217;estero.<\/p>\n<p>Abbiamo una forte presenza in molti paesi europei. Siamo attivi anche in America, Australia, Asia e Africa.<\/p>\n","protected":false},"excerpt":{"rendered":"<p>Con una presenza in pi\u00f9 di 20 paesi in tutto il mondo e impiegando pi\u00f9 di 45 nazionalit\u00e0 diverse, abbiamo fatto dell&#8217;espatrio una delle nostre principali risorse. Grazie al nostro profilo internazionale e alla nostra mobilit\u00e0 interna, puoi, ad esempio, iniziare la tua carriera nel nostro mercato nazionale, per poi essere trasferito per un periodo [&hellip;]<\/p>\n","protected":false},"author":1,"featured_media":2765,"parent":2886,"menu_order":29,"comment_status":"closed","ping_status":"closed","template":"","meta":{"_acf_changed":false,"footnotes":""},"class_list":["post-2907","page","type-page","status-publish","has-post-thumbnail","hentry"],"acf":[],"yoast_head":"<!-- This site is optimized with the Yoast SEO plugin v27.3 - https:\/\/yoast.com\/product\/yoast-seo-wordpress\/ -->\n<title>PERCORSO ALL&#039;ESTERO - Rizzani de Eccher<\/title>\n<meta name=\"robots\" content=\"index, follow, max-snippet:-1, max-image-preview:large, max-video-preview:-1\" \/>\n<link rel=\"canonical\" href=\"https:\/\/rde.it\/it\/lavora-con-noi\/percorso-allestero\/\" \/>\n<meta property=\"og:locale\" content=\"it_IT\" \/>\n<meta property=\"og:type\" content=\"article\" \/>\n<meta property=\"og:title\" content=\"PERCORSO ALL&#039;ESTERO - Rizzani de Eccher\" \/>\n<meta property=\"og:description\" content=\"Con una presenza in pi\u00f9 di 20 paesi in tutto il mondo e impiegando pi\u00f9 di 45 nazionalit\u00e0 diverse, abbiamo fatto dell&#8217;espatrio una delle nostre principali risorse. Grazie al nostro profilo internazionale e alla nostra mobilit\u00e0 interna, puoi, ad esempio, iniziare la tua carriera nel nostro mercato nazionale, per poi essere trasferito per un periodo [&hellip;]\" \/>\n<meta property=\"og:url\" content=\"https:\/\/rde.it\/it\/lavora-con-noi\/percorso-allestero\/\" \/>\n<meta property=\"og:site_name\" content=\"Rizzani de Eccher\" \/>\n<meta property=\"article:modified_time\" content=\"2022-07-07T21:09:11+00:00\" \/>\n<meta property=\"og:image\" content=\"https:\/\/rde.it\/wp-content\/uploads\/2022\/06\/Codest-Russia-Mosca-Baltchug-e1655221201337.jpg\" \/>\n\t<meta property=\"og:image:width\" content=\"2000\" \/>\n\t<meta property=\"og:image:height\" content=\"1500\" \/>\n\t<meta property=\"og:image:type\" content=\"image\/jpeg\" \/>\n<meta name=\"twitter:card\" content=\"summary_large_image\" \/>\n<script type=\"application\/ld+json\" class=\"yoast-schema-graph\">{\"@context\":\"https:\\\/\\\/schema.org\",\"@graph\":[{\"@type\":\"WebPage\",\"@id\":\"https:\\\/\\\/rde.it\\\/it\\\/lavora-con-noi\\\/percorso-allestero\\\/\",\"url\":\"https:\\\/\\\/rde.it\\\/it\\\/lavora-con-noi\\\/percorso-allestero\\\/\",\"name\":\"PERCORSO ALL'ESTERO - Rizzani de Eccher\",\"isPartOf\":{\"@id\":\"https:\\\/\\\/rde.it\\\/en\\\/#website\"},\"primaryImageOfPage\":{\"@id\":\"https:\\\/\\\/rde.it\\\/it\\\/lavora-con-noi\\\/percorso-allestero\\\/#primaryimage\"},\"image\":{\"@id\":\"https:\\\/\\\/rde.it\\\/it\\\/lavora-con-noi\\\/percorso-allestero\\\/#primaryimage\"},\"thumbnailUrl\":\"https:\\\/\\\/rde.it\\\/wp-content\\\/uploads\\\/2022\\\/06\\\/Codest-Russia-Mosca-Baltchug-e1655221201337.jpg\",\"datePublished\":\"2022-07-06T14:26:43+00:00\",\"dateModified\":\"2022-07-07T21:09:11+00:00\",\"breadcrumb\":{\"@id\":\"https:\\\/\\\/rde.it\\\/it\\\/lavora-con-noi\\\/percorso-allestero\\\/#breadcrumb\"},\"inLanguage\":\"it-IT\",\"potentialAction\":[{\"@type\":\"ReadAction\",\"target\":[\"https:\\\/\\\/rde.it\\\/it\\\/lavora-con-noi\\\/percorso-allestero\\\/\"]}]},{\"@type\":\"ImageObject\",\"inLanguage\":\"it-IT\",\"@id\":\"https:\\\/\\\/rde.it\\\/it\\\/lavora-con-noi\\\/percorso-allestero\\\/#primaryimage\",\"url\":\"https:\\\/\\\/rde.it\\\/wp-content\\\/uploads\\\/2022\\\/06\\\/Codest-Russia-Mosca-Baltchug-e1655221201337.jpg\",\"contentUrl\":\"https:\\\/\\\/rde.it\\\/wp-content\\\/uploads\\\/2022\\\/06\\\/Codest-Russia-Mosca-Baltchug-e1655221201337.jpg\",\"width\":2000,\"height\":1500},{\"@type\":\"BreadcrumbList\",\"@id\":\"https:\\\/\\\/rde.it\\\/it\\\/lavora-con-noi\\\/percorso-allestero\\\/#breadcrumb\",\"itemListElement\":[{\"@type\":\"ListItem\",\"position\":1,\"name\":\"Home\",\"item\":\"https:\\\/\\\/rde.it\\\/it\\\/\"},{\"@type\":\"ListItem\",\"position\":2,\"name\":\"Lavora con noi\",\"item\":\"https:\\\/\\\/rde.it\\\/it\\\/lavora-con-noi\\\/\"},{\"@type\":\"ListItem\",\"position\":3,\"name\":\"PERCORSO ALL&#8217;ESTERO\"}]},{\"@type\":\"WebSite\",\"@id\":\"https:\\\/\\\/rde.it\\\/en\\\/#website\",\"url\":\"https:\\\/\\\/rde.it\\\/en\\\/\",\"name\":\"Rizzani de Eccher\",\"description\":\"General contractor\",\"publisher\":{\"@id\":\"https:\\\/\\\/rde.it\\\/en\\\/#organization\"},\"potentialAction\":[{\"@type\":\"SearchAction\",\"target\":{\"@type\":\"EntryPoint\",\"urlTemplate\":\"https:\\\/\\\/rde.it\\\/en\\\/?s={search_term_string}\"},\"query-input\":{\"@type\":\"PropertyValueSpecification\",\"valueRequired\":true,\"valueName\":\"search_term_string\"}}],\"inLanguage\":\"it-IT\"},{\"@type\":\"Organization\",\"@id\":\"https:\\\/\\\/rde.it\\\/en\\\/#organization\",\"name\":\"Rizzani de Eccher\",\"url\":\"https:\\\/\\\/rde.it\\\/en\\\/\",\"logo\":{\"@type\":\"ImageObject\",\"inLanguage\":\"it-IT\",\"@id\":\"https:\\\/\\\/rde.it\\\/en\\\/#\\\/schema\\\/logo\\\/image\\\/\",\"url\":\"https:\\\/\\\/rde.it\\\/wp-content\\\/uploads\\\/2021\\\/10\\\/logoDeEccher.svg\",\"contentUrl\":\"https:\\\/\\\/rde.it\\\/wp-content\\\/uploads\\\/2021\\\/10\\\/logoDeEccher.svg\",\"width\":250,\"height\":60,\"caption\":\"Rizzani de Eccher\"},\"image\":{\"@id\":\"https:\\\/\\\/rde.it\\\/en\\\/#\\\/schema\\\/logo\\\/image\\\/\"}}]}<\/script>\n<!-- \/ Yoast SEO plugin. -->","yoast_head_json":{"title":"PERCORSO ALL'ESTERO - Rizzani de Eccher","robots":{"index":"index","follow":"follow","max-snippet":"max-snippet:-1","max-image-preview":"max-image-preview:large","max-video-preview":"max-video-preview:-1"},"canonical":"https:\/\/rde.it\/it\/lavora-con-noi\/percorso-allestero\/","og_locale":"it_IT","og_type":"article","og_title":"PERCORSO ALL'ESTERO - Rizzani de Eccher","og_description":"Con una presenza in pi\u00f9 di 20 paesi in tutto il mondo e impiegando pi\u00f9 di 45 nazionalit\u00e0 diverse, abbiamo fatto dell&#8217;espatrio una delle nostre principali risorse. Grazie al nostro profilo internazionale e alla nostra mobilit\u00e0 interna, puoi, ad esempio, iniziare la tua carriera nel nostro mercato nazionale, per poi essere trasferito per un periodo [&hellip;]","og_url":"https:\/\/rde.it\/it\/lavora-con-noi\/percorso-allestero\/","og_site_name":"Rizzani de Eccher","article_modified_time":"2022-07-07T21:09:11+00:00","og_image":[{"width":2000,"height":1500,"url":"https:\/\/rde.it\/wp-content\/uploads\/2022\/06\/Codest-Russia-Mosca-Baltchug-e1655221201337.jpg","type":"image\/jpeg"}],"twitter_card":"summary_large_image","schema":{"@context":"https:\/\/schema.org","@graph":[{"@type":"WebPage","@id":"https:\/\/rde.it\/it\/lavora-con-noi\/percorso-allestero\/","url":"https:\/\/rde.it\/it\/lavora-con-noi\/percorso-allestero\/","name":"PERCORSO ALL'ESTERO - Rizzani de Eccher","isPartOf":{"@id":"https:\/\/rde.it\/en\/#website"},"primaryImageOfPage":{"@id":"https:\/\/rde.it\/it\/lavora-con-noi\/percorso-allestero\/#primaryimage"},"image":{"@id":"https:\/\/rde.it\/it\/lavora-con-noi\/percorso-allestero\/#primaryimage"},"thumbnailUrl":"https:\/\/rde.it\/wp-content\/uploads\/2022\/06\/Codest-Russia-Mosca-Baltchug-e1655221201337.jpg","datePublished":"2022-07-06T14:26:43+00:00","dateModified":"2022-07-07T21:09:11+00:00","breadcrumb":{"@id":"https:\/\/rde.it\/it\/lavora-con-noi\/percorso-allestero\/#breadcrumb"},"inLanguage":"it-IT","potentialAction":[{"@type":"ReadAction","target":["https:\/\/rde.it\/it\/lavora-con-noi\/percorso-allestero\/"]}]},{"@type":"ImageObject","inLanguage":"it-IT","@id":"https:\/\/rde.it\/it\/lavora-con-noi\/percorso-allestero\/#primaryimage","url":"https:\/\/rde.it\/wp-content\/uploads\/2022\/06\/Codest-Russia-Mosca-Baltchug-e1655221201337.jpg","contentUrl":"https:\/\/rde.it\/wp-content\/uploads\/2022\/06\/Codest-Russia-Mosca-Baltchug-e1655221201337.jpg","width":2000,"height":1500},{"@type":"BreadcrumbList","@id":"https:\/\/rde.it\/it\/lavora-con-noi\/percorso-allestero\/#breadcrumb","itemListElement":[{"@type":"ListItem","position":1,"name":"Home","item":"https:\/\/rde.it\/it\/"},{"@type":"ListItem","position":2,"name":"Lavora con noi","item":"https:\/\/rde.it\/it\/lavora-con-noi\/"},{"@type":"ListItem","position":3,"name":"PERCORSO ALL&#8217;ESTERO"}]},{"@type":"WebSite","@id":"https:\/\/rde.it\/en\/#website","url":"https:\/\/rde.it\/en\/","name":"Rizzani de Eccher","description":"General contractor","publisher":{"@id":"https:\/\/rde.it\/en\/#organization"},"potentialAction":[{"@type":"SearchAction","target":{"@type":"EntryPoint","urlTemplate":"https:\/\/rde.it\/en\/?s={search_term_string}"},"query-input":{"@type":"PropertyValueSpecification","valueRequired":true,"valueName":"search_term_string"}}],"inLanguage":"it-IT"},{"@type":"Organization","@id":"https:\/\/rde.it\/en\/#organization","name":"Rizzani de Eccher","url":"https:\/\/rde.it\/en\/","logo":{"@type":"ImageObject","inLanguage":"it-IT","@id":"https:\/\/rde.it\/en\/#\/schema\/logo\/image\/","url":"https:\/\/rde.it\/wp-content\/uploads\/2021\/10\/logoDeEccher.svg","contentUrl":"https:\/\/rde.it\/wp-content\/uploads\/2021\/10\/logoDeEccher.svg","width":250,"height":60,"caption":"Rizzani de Eccher"},"image":{"@id":"https:\/\/rde.it\/en\/#\/schema\/logo\/image\/"}}]}},"distributor_meta":false,"distributor_terms":false,"distributor_media":false,"distributor_original_site_name":"Rizzani de Eccher","distributor_original_site_url":"https:\/\/rde.it\/it\/","push-errors":false,"_links":{"self":[{"href":"https:\/\/rde.it\/it\/wp-json\/wp\/v2\/pages\/2907","targetHints":{"allow":["GET"]}}],"collection":[{"href":"https:\/\/rde.it\/it\/wp-json\/wp\/v2\/pages"}],"about":[{"href":"https:\/\/rde.it\/it\/wp-json\/wp\/v2\/types\/page"}],"author":[{"embeddable":true,"href":"https:\/\/rde.it\/it\/wp-json\/wp\/v2\/users\/1"}],"replies":[{"embeddable":true,"href":"https:\/\/rde.it\/it\/wp-json\/wp\/v2\/comments?post=2907"}],"version-history":[{"count":4,"href":"https:\/\/rde.it\/it\/wp-json\/wp\/v2\/pages\/2907\/revisions"}],"predecessor-version":[{"id":3190,"href":"https:\/\/rde.it\/it\/wp-json\/wp\/v2\/pages\/2907\/revisions\/3190"}],"up":[{"embeddable":true,"href":"https:\/\/rde.it\/it\/wp-json\/wp\/v2\/pages\/2886"}],"wp:featuredmedia":[{"embeddable":true,"href":"https:\/\/rde.it\/it\/wp-json\/wp\/v2\/media\/2765"}],"wp:attachment":[{"href":"https:\/\/rde.it\/it\/wp-json\/wp\/v2\/media?parent=2907"}],"curies":[{"name":"wp","href":"https:\/\/api.w.org\/{rel}","templated":true}]}}