{"id":2917,"date":"2022-07-06T17:02:02","date_gmt":"2022-07-06T15:02:02","guid":{"rendered":"https:\/\/rde.it\/?page_id=2917"},"modified":"2022-07-06T22:37:11","modified_gmt":"2022-07-06T20:37:11","slug":"diversita","status":"publish","type":"page","link":"https:\/\/rde.it\/it\/lavora-con-noi\/diversita\/","title":{"rendered":"Diversit\u00e0"},"content":{"rendered":"<p>L&#8217;equit\u00e0 verso tutti \u00e8 uno dei nostri valori fondamentali. Pertanto, Rizzani de Eccher garantisce che ogni dipendente, attuale e neoassunto, riceva un trattamento equo basato sul merito, senza discriminazioni di genere, religione, origine etnica o di altro genere. Il nostro impegno intransigente nei confronti della nostra forza lavoro indica che tutti i dipendenti sono trattati con dignit\u00e0, rispetto e trasparenza. <\/p>\n<p>Consideriamo la diversit\u00e0 uno dei nostri vantaggi competitivi. Un aspetto chiave di questa competitivit\u00e0 \u00e8 la nostra forza lavoro globale e diversificata che comprende dipendenti di diversi background culturali.<\/p>\n<p>Dall&#8217;inizio di Rizzani de Eccher, abbiamo portato a termine progetti per clienti di diversa provenienza e origine l&#8217;obiettivo \u00e8 che la nostra forza lavoro rifletta questa stessa diversit\u00e0. Vantiamo una forza lavoro di oltre 45 nazionalit\u00e0 che lavora in luoghi e progetti diversi. Abbiamo progetti e attivit\u00e0 in localit\u00e0 in tutto il mondo, dal Medio Oriente all&#8217;Africa e dal Singapore fino all&#8217;Australia. Una parte fondamentale della nostra politica di reclutamento \u00e8 sempre stata quella di assumere personale locale.<\/p>\n<p>&nbsp;<\/p>\n","protected":false},"excerpt":{"rendered":"<p>L&#8217;equit\u00e0 verso tutti \u00e8 uno dei nostri valori fondamentali. Pertanto, Rizzani de Eccher garantisce che ogni dipendente, attuale e neoassunto, riceva un trattamento equo basato sul merito, senza discriminazioni di genere, religione, origine etnica o di altro genere. Il nostro impegno intransigente nei confronti della nostra forza lavoro indica che tutti i dipendenti sono trattati [&hellip;]<\/p>\n","protected":false},"author":1,"featured_media":2606,"parent":2886,"menu_order":27,"comment_status":"closed","ping_status":"closed","template":"","meta":{"_acf_changed":false,"footnotes":""},"class_list":["post-2917","page","type-page","status-publish","has-post-thumbnail","hentry"],"acf":[],"yoast_head":"<!-- This site is optimized with the Yoast SEO plugin v27.3 - https:\/\/yoast.com\/product\/yoast-seo-wordpress\/ -->\n<title>Diversit\u00e0 - Rizzani de Eccher<\/title>\n<meta name=\"robots\" content=\"index, follow, max-snippet:-1, max-image-preview:large, max-video-preview:-1\" \/>\n<link rel=\"canonical\" href=\"https:\/\/rde.it\/it\/lavora-con-noi\/diversita\/\" \/>\n<meta property=\"og:locale\" content=\"it_IT\" \/>\n<meta property=\"og:type\" content=\"article\" \/>\n<meta property=\"og:title\" content=\"Diversit\u00e0 - Rizzani de Eccher\" \/>\n<meta property=\"og:description\" content=\"L&#8217;equit\u00e0 verso tutti \u00e8 uno dei nostri valori fondamentali. Pertanto, Rizzani de Eccher garantisce che ogni dipendente, attuale e neoassunto, riceva un trattamento equo basato sul merito, senza discriminazioni di genere, religione, origine etnica o di altro genere. Il nostro impegno intransigente nei confronti della nostra forza lavoro indica che tutti i dipendenti sono trattati [&hellip;]\" \/>\n<meta property=\"og:url\" content=\"https:\/\/rde.it\/it\/lavora-con-noi\/diversita\/\" \/>\n<meta property=\"og:site_name\" content=\"Rizzani de Eccher\" \/>\n<meta property=\"article:modified_time\" content=\"2022-07-06T20:37:11+00:00\" \/>\n<meta property=\"og:image\" content=\"https:\/\/rde.it\/wp-content\/uploads\/2022\/06\/diversity-cover.jpg\" \/>\n\t<meta property=\"og:image:width\" content=\"1920\" \/>\n\t<meta property=\"og:image:height\" content=\"760\" \/>\n\t<meta property=\"og:image:type\" content=\"image\/jpeg\" \/>\n<meta name=\"twitter:card\" content=\"summary_large_image\" \/>\n<meta name=\"twitter:label1\" content=\"Tempo di lettura stimato\" \/>\n\t<meta name=\"twitter:data1\" content=\"1 minuto\" \/>\n<script type=\"application\/ld+json\" class=\"yoast-schema-graph\">{\"@context\":\"https:\\\/\\\/schema.org\",\"@graph\":[{\"@type\":\"WebPage\",\"@id\":\"https:\\\/\\\/rde.it\\\/it\\\/lavora-con-noi\\\/diversita\\\/\",\"url\":\"https:\\\/\\\/rde.it\\\/it\\\/lavora-con-noi\\\/diversita\\\/\",\"name\":\"Diversit\u00e0 - Rizzani de Eccher\",\"isPartOf\":{\"@id\":\"https:\\\/\\\/rde.it\\\/en\\\/#website\"},\"primaryImageOfPage\":{\"@id\":\"https:\\\/\\\/rde.it\\\/it\\\/lavora-con-noi\\\/diversita\\\/#primaryimage\"},\"image\":{\"@id\":\"https:\\\/\\\/rde.it\\\/it\\\/lavora-con-noi\\\/diversita\\\/#primaryimage\"},\"thumbnailUrl\":\"https:\\\/\\\/rde.it\\\/wp-content\\\/uploads\\\/2022\\\/06\\\/diversity-cover.jpg\",\"datePublished\":\"2022-07-06T15:02:02+00:00\",\"dateModified\":\"2022-07-06T20:37:11+00:00\",\"breadcrumb\":{\"@id\":\"https:\\\/\\\/rde.it\\\/it\\\/lavora-con-noi\\\/diversita\\\/#breadcrumb\"},\"inLanguage\":\"it-IT\",\"potentialAction\":[{\"@type\":\"ReadAction\",\"target\":[\"https:\\\/\\\/rde.it\\\/it\\\/lavora-con-noi\\\/diversita\\\/\"]}]},{\"@type\":\"ImageObject\",\"inLanguage\":\"it-IT\",\"@id\":\"https:\\\/\\\/rde.it\\\/it\\\/lavora-con-noi\\\/diversita\\\/#primaryimage\",\"url\":\"https:\\\/\\\/rde.it\\\/wp-content\\\/uploads\\\/2022\\\/06\\\/diversity-cover.jpg\",\"contentUrl\":\"https:\\\/\\\/rde.it\\\/wp-content\\\/uploads\\\/2022\\\/06\\\/diversity-cover.jpg\",\"width\":1920,\"height\":760},{\"@type\":\"BreadcrumbList\",\"@id\":\"https:\\\/\\\/rde.it\\\/it\\\/lavora-con-noi\\\/diversita\\\/#breadcrumb\",\"itemListElement\":[{\"@type\":\"ListItem\",\"position\":1,\"name\":\"Home\",\"item\":\"https:\\\/\\\/rde.it\\\/it\\\/\"},{\"@type\":\"ListItem\",\"position\":2,\"name\":\"Lavora con noi\",\"item\":\"https:\\\/\\\/rde.it\\\/it\\\/lavora-con-noi\\\/\"},{\"@type\":\"ListItem\",\"position\":3,\"name\":\"Diversit\u00e0\"}]},{\"@type\":\"WebSite\",\"@id\":\"https:\\\/\\\/rde.it\\\/en\\\/#website\",\"url\":\"https:\\\/\\\/rde.it\\\/en\\\/\",\"name\":\"Rizzani de Eccher\",\"description\":\"General contractor\",\"publisher\":{\"@id\":\"https:\\\/\\\/rde.it\\\/en\\\/#organization\"},\"potentialAction\":[{\"@type\":\"SearchAction\",\"target\":{\"@type\":\"EntryPoint\",\"urlTemplate\":\"https:\\\/\\\/rde.it\\\/en\\\/?s={search_term_string}\"},\"query-input\":{\"@type\":\"PropertyValueSpecification\",\"valueRequired\":true,\"valueName\":\"search_term_string\"}}],\"inLanguage\":\"it-IT\"},{\"@type\":\"Organization\",\"@id\":\"https:\\\/\\\/rde.it\\\/en\\\/#organization\",\"name\":\"Rizzani de Eccher\",\"url\":\"https:\\\/\\\/rde.it\\\/en\\\/\",\"logo\":{\"@type\":\"ImageObject\",\"inLanguage\":\"it-IT\",\"@id\":\"https:\\\/\\\/rde.it\\\/en\\\/#\\\/schema\\\/logo\\\/image\\\/\",\"url\":\"https:\\\/\\\/rde.it\\\/wp-content\\\/uploads\\\/2021\\\/10\\\/logoDeEccher.svg\",\"contentUrl\":\"https:\\\/\\\/rde.it\\\/wp-content\\\/uploads\\\/2021\\\/10\\\/logoDeEccher.svg\",\"width\":250,\"height\":60,\"caption\":\"Rizzani de Eccher\"},\"image\":{\"@id\":\"https:\\\/\\\/rde.it\\\/en\\\/#\\\/schema\\\/logo\\\/image\\\/\"}}]}<\/script>\n<!-- \/ Yoast SEO plugin. -->","yoast_head_json":{"title":"Diversit\u00e0 - Rizzani de Eccher","robots":{"index":"index","follow":"follow","max-snippet":"max-snippet:-1","max-image-preview":"max-image-preview:large","max-video-preview":"max-video-preview:-1"},"canonical":"https:\/\/rde.it\/it\/lavora-con-noi\/diversita\/","og_locale":"it_IT","og_type":"article","og_title":"Diversit\u00e0 - Rizzani de Eccher","og_description":"L&#8217;equit\u00e0 verso tutti \u00e8 uno dei nostri valori fondamentali. Pertanto, Rizzani de Eccher garantisce che ogni dipendente, attuale e neoassunto, riceva un trattamento equo basato sul merito, senza discriminazioni di genere, religione, origine etnica o di altro genere. Il nostro impegno intransigente nei confronti della nostra forza lavoro indica che tutti i dipendenti sono trattati [&hellip;]","og_url":"https:\/\/rde.it\/it\/lavora-con-noi\/diversita\/","og_site_name":"Rizzani de Eccher","article_modified_time":"2022-07-06T20:37:11+00:00","og_image":[{"width":1920,"height":760,"url":"https:\/\/rde.it\/wp-content\/uploads\/2022\/06\/diversity-cover.jpg","type":"image\/jpeg"}],"twitter_card":"summary_large_image","twitter_misc":{"Tempo di lettura stimato":"1 minuto"},"schema":{"@context":"https:\/\/schema.org","@graph":[{"@type":"WebPage","@id":"https:\/\/rde.it\/it\/lavora-con-noi\/diversita\/","url":"https:\/\/rde.it\/it\/lavora-con-noi\/diversita\/","name":"Diversit\u00e0 - Rizzani de Eccher","isPartOf":{"@id":"https:\/\/rde.it\/en\/#website"},"primaryImageOfPage":{"@id":"https:\/\/rde.it\/it\/lavora-con-noi\/diversita\/#primaryimage"},"image":{"@id":"https:\/\/rde.it\/it\/lavora-con-noi\/diversita\/#primaryimage"},"thumbnailUrl":"https:\/\/rde.it\/wp-content\/uploads\/2022\/06\/diversity-cover.jpg","datePublished":"2022-07-06T15:02:02+00:00","dateModified":"2022-07-06T20:37:11+00:00","breadcrumb":{"@id":"https:\/\/rde.it\/it\/lavora-con-noi\/diversita\/#breadcrumb"},"inLanguage":"it-IT","potentialAction":[{"@type":"ReadAction","target":["https:\/\/rde.it\/it\/lavora-con-noi\/diversita\/"]}]},{"@type":"ImageObject","inLanguage":"it-IT","@id":"https:\/\/rde.it\/it\/lavora-con-noi\/diversita\/#primaryimage","url":"https:\/\/rde.it\/wp-content\/uploads\/2022\/06\/diversity-cover.jpg","contentUrl":"https:\/\/rde.it\/wp-content\/uploads\/2022\/06\/diversity-cover.jpg","width":1920,"height":760},{"@type":"BreadcrumbList","@id":"https:\/\/rde.it\/it\/lavora-con-noi\/diversita\/#breadcrumb","itemListElement":[{"@type":"ListItem","position":1,"name":"Home","item":"https:\/\/rde.it\/it\/"},{"@type":"ListItem","position":2,"name":"Lavora con noi","item":"https:\/\/rde.it\/it\/lavora-con-noi\/"},{"@type":"ListItem","position":3,"name":"Diversit\u00e0"}]},{"@type":"WebSite","@id":"https:\/\/rde.it\/en\/#website","url":"https:\/\/rde.it\/en\/","name":"Rizzani de Eccher","description":"General contractor","publisher":{"@id":"https:\/\/rde.it\/en\/#organization"},"potentialAction":[{"@type":"SearchAction","target":{"@type":"EntryPoint","urlTemplate":"https:\/\/rde.it\/en\/?s={search_term_string}"},"query-input":{"@type":"PropertyValueSpecification","valueRequired":true,"valueName":"search_term_string"}}],"inLanguage":"it-IT"},{"@type":"Organization","@id":"https:\/\/rde.it\/en\/#organization","name":"Rizzani de Eccher","url":"https:\/\/rde.it\/en\/","logo":{"@type":"ImageObject","inLanguage":"it-IT","@id":"https:\/\/rde.it\/en\/#\/schema\/logo\/image\/","url":"https:\/\/rde.it\/wp-content\/uploads\/2021\/10\/logoDeEccher.svg","contentUrl":"https:\/\/rde.it\/wp-content\/uploads\/2021\/10\/logoDeEccher.svg","width":250,"height":60,"caption":"Rizzani de Eccher"},"image":{"@id":"https:\/\/rde.it\/en\/#\/schema\/logo\/image\/"}}]}},"distributor_meta":false,"distributor_terms":false,"distributor_media":false,"distributor_original_site_name":"Rizzani de Eccher","distributor_original_site_url":"https:\/\/rde.it\/it\/","push-errors":false,"_links":{"self":[{"href":"https:\/\/rde.it\/it\/wp-json\/wp\/v2\/pages\/2917","targetHints":{"allow":["GET"]}}],"collection":[{"href":"https:\/\/rde.it\/it\/wp-json\/wp\/v2\/pages"}],"about":[{"href":"https:\/\/rde.it\/it\/wp-json\/wp\/v2\/types\/page"}],"author":[{"embeddable":true,"href":"https:\/\/rde.it\/it\/wp-json\/wp\/v2\/users\/1"}],"replies":[{"embeddable":true,"href":"https:\/\/rde.it\/it\/wp-json\/wp\/v2\/comments?post=2917"}],"version-history":[{"count":4,"href":"https:\/\/rde.it\/it\/wp-json\/wp\/v2\/pages\/2917\/revisions"}],"predecessor-version":[{"id":2975,"href":"https:\/\/rde.it\/it\/wp-json\/wp\/v2\/pages\/2917\/revisions\/2975"}],"up":[{"embeddable":true,"href":"https:\/\/rde.it\/it\/wp-json\/wp\/v2\/pages\/2886"}],"wp:featuredmedia":[{"embeddable":true,"href":"https:\/\/rde.it\/it\/wp-json\/wp\/v2\/media\/2606"}],"wp:attachment":[{"href":"https:\/\/rde.it\/it\/wp-json\/wp\/v2\/media?parent=2917"}],"curies":[{"name":"wp","href":"https:\/\/api.w.org\/{rel}","templated":true}]}}