{"id":2921,"date":"2022-07-06T17:11:53","date_gmt":"2022-07-06T15:11:53","guid":{"rendered":"https:\/\/rde.it\/?page_id=2921"},"modified":"2022-07-07T18:06:58","modified_gmt":"2022-07-07T16:06:58","slug":"posti-di-lavoro-vacanti","status":"publish","type":"page","link":"https:\/\/rde.it\/it\/lavora-con-noi\/posti-di-lavoro-vacanti\/","title":{"rendered":"Posti di lavoro vacanti"},"content":{"rendered":"<p><strong>RISORSE UMANE<\/strong><\/p>\n<p>Uno dei principali obiettivi del Gruppo \u00e8 la valorizzazione del capitale umano. La pianificazione, la selezione, l&#8217;organizzazione e lo sviluppo delle risorse sono processi chiave per il successo dell&#8217;azienda. Persone responsabili, competenti e leali, capaci di interagire con realt\u00e0 complesse e di adattarsi alle esigenze dei clienti e del mercato sono uno dei principali fattori di competitivit\u00e0 dell&#8217;azienda. Il settore in cui opera il Gruppo, oltre al dinamismo e all&#8217;internazionalizzazione dell&#8217;azienda, richiede persone organizzate in grado di creare sinergie e integrazioni tra competenze manageriali, tecniche e commerciali che soddisfino le esigenze dei clienti e generino valore aggiunto anche in contesti altamente complessi.<\/p>\n<p>Tali obiettivi vengono raggiunti attraverso processi incentrati sulla valorizzazione delle risorse e del loro potenziale, sulla selezione dei migliori talenti, la definizione di percorsi formativi e di carriera volti allo sviluppo, alla motivazione e alla creazione del senso di appartenenza, nonch\u00e9 alla valutazione e al riconoscimento del merito e dei risultati. L&#8217;azienda crede in una dinamica inclusiva di gestione delle risorse umane: i lavoratori devono avere pari opportunit\u00e0 indipendentemente dall&#8217;origine etnica, dal colore della pelle, dal sesso, dalla religione, dalle opinioni politiche, dalla nazionalit\u00e0, dal background sociale o da altre caratteristiche che potrebbero distinguerli.<\/p>\n<p><strong>Qualit\u00e0, Salute, Sicurezza e Ambiente (QHSE)<\/strong><\/p>\n<p>La tutela della salute, della sicurezza e dell&#8217;integrit\u00e0 fisica e mentale dei dipendenti \u00e8 da sempre considerata il bene pi\u00f9 prezioso del Gruppo. Ecco perch\u00e9 il Gruppo \u00e8 da sempre impegnato a sviluppare e promuovere una forte cultura della sicurezza in tutto il mondo, al fine di garantire un ambiente di lavoro salubre e sicuro.<\/p>\n<p>&nbsp;<\/p>\n","protected":false},"excerpt":{"rendered":"<p>RISORSE UMANE Uno dei principali obiettivi del Gruppo \u00e8 la valorizzazione del capitale umano. La pianificazione, la selezione, l&#8217;organizzazione e lo sviluppo delle risorse sono processi chiave per il successo dell&#8217;azienda. Persone responsabili, competenti e leali, capaci di interagire con realt\u00e0 complesse e di adattarsi alle esigenze dei clienti e del mercato sono uno dei [&hellip;]<\/p>\n","protected":false},"author":1,"featured_media":0,"parent":2886,"menu_order":45,"comment_status":"closed","ping_status":"closed","template":"page-opportunita.php","meta":{"_acf_changed":false,"footnotes":""},"class_list":["post-2921","page","type-page","status-publish","hentry"],"acf":[],"yoast_head":"<!-- This site is optimized with the Yoast SEO plugin v27.3 - https:\/\/yoast.com\/product\/yoast-seo-wordpress\/ -->\n<title>Posti di lavoro vacanti - Rizzani de Eccher<\/title>\n<meta name=\"robots\" content=\"index, follow, max-snippet:-1, max-image-preview:large, max-video-preview:-1\" \/>\n<link rel=\"canonical\" href=\"https:\/\/rde.it\/it\/lavora-con-noi\/posti-di-lavoro-vacanti\/\" \/>\n<meta property=\"og:locale\" content=\"it_IT\" \/>\n<meta property=\"og:type\" content=\"article\" \/>\n<meta property=\"og:title\" content=\"Posti di lavoro vacanti - Rizzani de Eccher\" \/>\n<meta property=\"og:description\" content=\"RISORSE UMANE Uno dei principali obiettivi del Gruppo \u00e8 la valorizzazione del capitale umano. La pianificazione, la selezione, l&#8217;organizzazione e lo sviluppo delle risorse sono processi chiave per il successo dell&#8217;azienda. Persone responsabili, competenti e leali, capaci di interagire con realt\u00e0 complesse e di adattarsi alle esigenze dei clienti e del mercato sono uno dei [&hellip;]\" \/>\n<meta property=\"og:url\" content=\"https:\/\/rde.it\/it\/lavora-con-noi\/posti-di-lavoro-vacanti\/\" \/>\n<meta property=\"og:site_name\" content=\"Rizzani de Eccher\" \/>\n<meta property=\"article:modified_time\" content=\"2022-07-07T16:06:58+00:00\" \/>\n<meta name=\"twitter:card\" content=\"summary_large_image\" \/>\n<meta name=\"twitter:label1\" content=\"Tempo di lettura stimato\" \/>\n\t<meta name=\"twitter:data1\" content=\"1 minuto\" \/>\n<script type=\"application\/ld+json\" class=\"yoast-schema-graph\">{\"@context\":\"https:\\\/\\\/schema.org\",\"@graph\":[{\"@type\":\"WebPage\",\"@id\":\"https:\\\/\\\/rde.it\\\/it\\\/lavora-con-noi\\\/posti-di-lavoro-vacanti\\\/\",\"url\":\"https:\\\/\\\/rde.it\\\/it\\\/lavora-con-noi\\\/posti-di-lavoro-vacanti\\\/\",\"name\":\"Posti di lavoro vacanti - Rizzani de Eccher\",\"isPartOf\":{\"@id\":\"https:\\\/\\\/rde.it\\\/en\\\/#website\"},\"datePublished\":\"2022-07-06T15:11:53+00:00\",\"dateModified\":\"2022-07-07T16:06:58+00:00\",\"breadcrumb\":{\"@id\":\"https:\\\/\\\/rde.it\\\/it\\\/lavora-con-noi\\\/posti-di-lavoro-vacanti\\\/#breadcrumb\"},\"inLanguage\":\"it-IT\",\"potentialAction\":[{\"@type\":\"ReadAction\",\"target\":[\"https:\\\/\\\/rde.it\\\/it\\\/lavora-con-noi\\\/posti-di-lavoro-vacanti\\\/\"]}]},{\"@type\":\"BreadcrumbList\",\"@id\":\"https:\\\/\\\/rde.it\\\/it\\\/lavora-con-noi\\\/posti-di-lavoro-vacanti\\\/#breadcrumb\",\"itemListElement\":[{\"@type\":\"ListItem\",\"position\":1,\"name\":\"Home\",\"item\":\"https:\\\/\\\/rde.it\\\/it\\\/\"},{\"@type\":\"ListItem\",\"position\":2,\"name\":\"Lavora con noi\",\"item\":\"https:\\\/\\\/rde.it\\\/it\\\/lavora-con-noi\\\/\"},{\"@type\":\"ListItem\",\"position\":3,\"name\":\"Posti di lavoro vacanti\"}]},{\"@type\":\"WebSite\",\"@id\":\"https:\\\/\\\/rde.it\\\/en\\\/#website\",\"url\":\"https:\\\/\\\/rde.it\\\/en\\\/\",\"name\":\"Rizzani de Eccher\",\"description\":\"General contractor\",\"publisher\":{\"@id\":\"https:\\\/\\\/rde.it\\\/en\\\/#organization\"},\"potentialAction\":[{\"@type\":\"SearchAction\",\"target\":{\"@type\":\"EntryPoint\",\"urlTemplate\":\"https:\\\/\\\/rde.it\\\/en\\\/?s={search_term_string}\"},\"query-input\":{\"@type\":\"PropertyValueSpecification\",\"valueRequired\":true,\"valueName\":\"search_term_string\"}}],\"inLanguage\":\"it-IT\"},{\"@type\":\"Organization\",\"@id\":\"https:\\\/\\\/rde.it\\\/en\\\/#organization\",\"name\":\"Rizzani de Eccher\",\"url\":\"https:\\\/\\\/rde.it\\\/en\\\/\",\"logo\":{\"@type\":\"ImageObject\",\"inLanguage\":\"it-IT\",\"@id\":\"https:\\\/\\\/rde.it\\\/en\\\/#\\\/schema\\\/logo\\\/image\\\/\",\"url\":\"https:\\\/\\\/rde.it\\\/wp-content\\\/uploads\\\/2021\\\/10\\\/logoDeEccher.svg\",\"contentUrl\":\"https:\\\/\\\/rde.it\\\/wp-content\\\/uploads\\\/2021\\\/10\\\/logoDeEccher.svg\",\"width\":250,\"height\":60,\"caption\":\"Rizzani de Eccher\"},\"image\":{\"@id\":\"https:\\\/\\\/rde.it\\\/en\\\/#\\\/schema\\\/logo\\\/image\\\/\"}}]}<\/script>\n<!-- \/ Yoast SEO plugin. -->","yoast_head_json":{"title":"Posti di lavoro vacanti - Rizzani de Eccher","robots":{"index":"index","follow":"follow","max-snippet":"max-snippet:-1","max-image-preview":"max-image-preview:large","max-video-preview":"max-video-preview:-1"},"canonical":"https:\/\/rde.it\/it\/lavora-con-noi\/posti-di-lavoro-vacanti\/","og_locale":"it_IT","og_type":"article","og_title":"Posti di lavoro vacanti - Rizzani de Eccher","og_description":"RISORSE UMANE Uno dei principali obiettivi del Gruppo \u00e8 la valorizzazione del capitale umano. La pianificazione, la selezione, l&#8217;organizzazione e lo sviluppo delle risorse sono processi chiave per il successo dell&#8217;azienda. Persone responsabili, competenti e leali, capaci di interagire con realt\u00e0 complesse e di adattarsi alle esigenze dei clienti e del mercato sono uno dei [&hellip;]","og_url":"https:\/\/rde.it\/it\/lavora-con-noi\/posti-di-lavoro-vacanti\/","og_site_name":"Rizzani de Eccher","article_modified_time":"2022-07-07T16:06:58+00:00","twitter_card":"summary_large_image","twitter_misc":{"Tempo di lettura stimato":"1 minuto"},"schema":{"@context":"https:\/\/schema.org","@graph":[{"@type":"WebPage","@id":"https:\/\/rde.it\/it\/lavora-con-noi\/posti-di-lavoro-vacanti\/","url":"https:\/\/rde.it\/it\/lavora-con-noi\/posti-di-lavoro-vacanti\/","name":"Posti di lavoro vacanti - Rizzani de Eccher","isPartOf":{"@id":"https:\/\/rde.it\/en\/#website"},"datePublished":"2022-07-06T15:11:53+00:00","dateModified":"2022-07-07T16:06:58+00:00","breadcrumb":{"@id":"https:\/\/rde.it\/it\/lavora-con-noi\/posti-di-lavoro-vacanti\/#breadcrumb"},"inLanguage":"it-IT","potentialAction":[{"@type":"ReadAction","target":["https:\/\/rde.it\/it\/lavora-con-noi\/posti-di-lavoro-vacanti\/"]}]},{"@type":"BreadcrumbList","@id":"https:\/\/rde.it\/it\/lavora-con-noi\/posti-di-lavoro-vacanti\/#breadcrumb","itemListElement":[{"@type":"ListItem","position":1,"name":"Home","item":"https:\/\/rde.it\/it\/"},{"@type":"ListItem","position":2,"name":"Lavora con noi","item":"https:\/\/rde.it\/it\/lavora-con-noi\/"},{"@type":"ListItem","position":3,"name":"Posti di lavoro vacanti"}]},{"@type":"WebSite","@id":"https:\/\/rde.it\/en\/#website","url":"https:\/\/rde.it\/en\/","name":"Rizzani de Eccher","description":"General contractor","publisher":{"@id":"https:\/\/rde.it\/en\/#organization"},"potentialAction":[{"@type":"SearchAction","target":{"@type":"EntryPoint","urlTemplate":"https:\/\/rde.it\/en\/?s={search_term_string}"},"query-input":{"@type":"PropertyValueSpecification","valueRequired":true,"valueName":"search_term_string"}}],"inLanguage":"it-IT"},{"@type":"Organization","@id":"https:\/\/rde.it\/en\/#organization","name":"Rizzani de Eccher","url":"https:\/\/rde.it\/en\/","logo":{"@type":"ImageObject","inLanguage":"it-IT","@id":"https:\/\/rde.it\/en\/#\/schema\/logo\/image\/","url":"https:\/\/rde.it\/wp-content\/uploads\/2021\/10\/logoDeEccher.svg","contentUrl":"https:\/\/rde.it\/wp-content\/uploads\/2021\/10\/logoDeEccher.svg","width":250,"height":60,"caption":"Rizzani de Eccher"},"image":{"@id":"https:\/\/rde.it\/en\/#\/schema\/logo\/image\/"}}]}},"distributor_meta":false,"distributor_terms":false,"distributor_media":false,"distributor_original_site_name":"Rizzani de Eccher","distributor_original_site_url":"https:\/\/rde.it\/it\/","push-errors":false,"_links":{"self":[{"href":"https:\/\/rde.it\/it\/wp-json\/wp\/v2\/pages\/2921","targetHints":{"allow":["GET"]}}],"collection":[{"href":"https:\/\/rde.it\/it\/wp-json\/wp\/v2\/pages"}],"about":[{"href":"https:\/\/rde.it\/it\/wp-json\/wp\/v2\/types\/page"}],"author":[{"embeddable":true,"href":"https:\/\/rde.it\/it\/wp-json\/wp\/v2\/users\/1"}],"replies":[{"embeddable":true,"href":"https:\/\/rde.it\/it\/wp-json\/wp\/v2\/comments?post=2921"}],"version-history":[{"count":6,"href":"https:\/\/rde.it\/it\/wp-json\/wp\/v2\/pages\/2921\/revisions"}],"predecessor-version":[{"id":3182,"href":"https:\/\/rde.it\/it\/wp-json\/wp\/v2\/pages\/2921\/revisions\/3182"}],"up":[{"embeddable":true,"href":"https:\/\/rde.it\/it\/wp-json\/wp\/v2\/pages\/2886"}],"wp:attachment":[{"href":"https:\/\/rde.it\/it\/wp-json\/wp\/v2\/media?parent=2921"}],"curies":[{"name":"wp","href":"https:\/\/api.w.org\/{rel}","templated":true}]}}