{"id":2947,"date":"2022-07-06T18:09:14","date_gmt":"2022-07-06T16:09:14","guid":{"rendered":"https:\/\/rde.it\/?page_id=2947"},"modified":"2024-11-07T14:22:41","modified_gmt":"2024-11-07T13:22:41","slug":"privacy-policy","status":"publish","type":"page","link":"https:\/\/rde.it\/it\/privacy-policy\/","title":{"rendered":"Privacy Policy"},"content":{"rendered":"<h3>RIFERIMENTI NORMATIVI<\/h3>\n<p>Decreto Legislativo 30 giugno 2003, n. 196 \u2013 \u201cCodice in materia di protezione dei dati personali\u201d<\/p>\n<p>Regolamento UE 2016\/679 del 27 aprile 2016 relativo alla protezione delle persone fisiche con riguardo al trattamento dei dati personali, nonch\u00e9 alla libera circolazione di tali dati.<\/p>\n<h3>IL TITOLARE DEL TRATTAMENTO<\/h3>\n<p>Il Titolare del trattamento \u00e8 Rizzani de Eccher S.p.A. con sede legale in Via Buttrio, 36, 33050 Pozzuolo del Friuli (UD).<\/p>\n<h3>FINALIT\u00c0 DEL TRATTAMENTO<\/h3>\n<p>A seguito della consultazione di questo sito possono essere trattati dati relativi a persone identificate o identificabili.<\/p>\n<h3>-Dati di navigazione-<\/h3>\n<p>I sistemi informatici e le procedure software preposte al funzionamento di questo sito web acquisiscono, nel corso del loro normale esercizio, alcuni dati personali la cui trasmissione \u00e8 implicita nell\u2019uso dei protocolli di comunicazione di Internet. Si tratta di informazioni che non sono raccolte per essere associate a interessati identificati, ma che per loro stessa natura potrebbero, attraverso elaborazioni ed associazioni con dati detenuti da terzi, permettere di identificare gli utenti. In questa categoria di dati rientrano gli indirizzi IP o i nomi a dominio dei computer utilizzati dagli utenti che si connettono al sito, gli indirizzi in notazione URI (Uniform Resource Identifier) delle risorse richieste, l\u2019orario della richiesta, il metodo utilizzato nel sottoporre la richiesta al server, la dimensione del file ottenuto in risposta, il codice numerico indicante lo stato della risposta data dal server (buon fine, errore, ecc.) ed altri parametri relativi al sistema operativo e all\u2019ambiente informatico dell\u2019utente. Questi dati vengono utilizzati al solo fine di ricavare informazioni statistiche anonime sull\u2019uso del sito e per controllarne il corretto funzionamento e vengono cancellati immediatamente dopo l\u2019elaborazione. I dati potrebbero essere utilizzati per l\u2019accertamento di responsabilit\u00e0 in caso di ipotetici reati informatici ai danni del sito: salva questa eventualit\u00e0, allo stato i dati sui contatti web non persistono per pi\u00f9 di sette giorni. Il sito utilizza cookie tecnici e di sezione per garantire la sua funzionalit\u00e0. Tali cookie non raccolgono informazioni relative alle attivit\u00e0 di navigazione.<\/p>\n<h3>-Cookies-<\/h3>\n<p>Questo sito utilizza i &#8220;cookies&#8221;. I cookies sono piccole porzioni di dati che vengono archiviati temporaneamente nella memoria browser. I dati raccolti tramite i cookies permettono di confrontare i visitatori nuovi e quelli passati, capire come gli utenti navigano il sito web, ed in generale consentono una migliore esperienza di utilizzo del sito.<\/p>\n<p>Se si desidera disabilitare l&#8217;uso dei cookie \u00e8 necessario personalizzare le impostazioni del proprio computer impostando la cancellazione di tutti i cookie o attivando un messaggio di avviso quando i cookie vengono memorizzati. Per procedere senza modificare l&#8217;applicazione dei cookie \u00e8 sufficiente continuare con la navigazione.<\/p>\n<p><strong>I tipi di cookie che utilizziamo<\/strong><\/p>\n<p><strong>Cookie indispensabili<\/strong><\/p>\n<p>Questi cookie sono essenziali alla navigazione in tutto il sito ed all&#8217;utilizzo di tutte le sue funzionalit\u00e0, come ad esempio accedere alle varie aree protette del sito. Senza questi cookie alcuni servizi necessari, come ad esempio la compilazione di un form per un concorso, non possono essere fruiti.<\/p>\n<p><strong>Performance cookie<\/strong><\/p>\n<p>Questi cookie raccolgono informazioni su come gli utenti utilizzano un sito web, ad esempio quali sono le pagine pi\u00f9 visitate, o se si ricevono messaggi di errore da pagine web. Questi cookie non raccolgono informazioni che identificano un visitatore. Tutte le informazioni raccolte tramite cookie sono aggregate e quindi anonime. Vengono utilizzati solo per migliorare il funzionamento di un sito web. Utilizzando il nostro sito, l&#8217;utente accetta che tali cookie possono essere memorizzati sul proprio dispositivo.<\/p>\n<p><strong>Cookie di funzionalit\u00e0<\/strong><\/p>\n<p>I cookie consentono al sito di ricordare le scelte fatte dall\u2019utente (come il nome, la lingua o la regione di provenienza) e forniscono funzionalit\u00e0 avanzate personalizzate. Questi cookie possono essere utilizzati anche per ricordare le modifiche apportate alla dimensione del testo, font ed altre parti di pagine web che \u00e8 possibile personalizzare. Essi possono essere utilizzati anche per fornire servizi che hai chiesto come guardare un video o i commenti su un blog. Le informazioni raccolte da questi tipi di cookie possono essere rese anonime e non in grado di monitorare la vostra attivit\u00e0 di navigazione su altri siti web. Utilizzando il nostro sito, l&#8217;utente accetta che tali cookie possono essere installati sul proprio dispositivo.<\/p>\n<p><strong>Cookie utilizzati dal presente sito<\/strong><\/p>\n<p>Il presente sito si avvale dell\u2019utilizzo di cookies sia di prima parte che di terza. Nella tabella sottostante vengono riportati, nel dettaglio, i cookies attualmente presenti nel sito web.<\/p>\n<p>&nbsp;<\/p>\n<div style=\"overflow-x: auto;\">\n<table>\n<tbody>\n<tr>\n<td width=\"66\">NOME COOKIE<\/td>\n<td width=\"189\">SCADENZA PREDEFINITA<\/td>\n<td width=\"181\">TIPO<\/td>\n<td width=\"223\">DESCRIZIONE COOKIE<\/td>\n<\/tr>\n<tr>\n<td width=\"66\"><strong>_ga<\/strong><\/td>\n<td width=\"189\">La scadenza di default \u00e8 impostata dopo 2 anni<\/td>\n<td width=\"181\"><strong>Analitico di terza parti<\/strong><\/td>\n<td width=\"223\">Questo cookie \u00e8 associato a Google Analytics ed \u00e8 utilizzato per distinguere gli utenti, assegnando a ciascuno di loro un numero generato in modo casuale come identificatore. Viene utilizzato per calcolare il numero di visitatori della pagina, delle sessioni e dei dati al fine di produrre report di analisi statistica anonimizzata.<\/td>\n<\/tr>\n<tr>\n<td width=\"66\"><strong>_gid<\/strong><\/td>\n<td width=\"189\">La scadenza di default \u00e8 impostata dopo 24 ore<\/td>\n<td width=\"181\"><strong>Analitico di terza parti<\/strong><\/td>\n<td width=\"223\">Questo cookie \u00e8 associato a Google Analytics ed \u00e8 utilizzato per distinguere gli utenti, assegnando a ciascuno di loro un numero generato in modo casuale come identificatore. Viene utilizzato per calcolare il numero di visitatori della pagina, delle sessioni e dei dati al fine di produrre report di analisi statistica anonimizzata.<\/td>\n<\/tr>\n<tr>\n<td width=\"66\"><strong>_gat<\/strong><\/td>\n<td width=\"189\">La scadenza di default \u00e8 impostata dopo 10 minuti<\/td>\n<td width=\"181\"><strong>Analitico di terza parti<\/strong><\/td>\n<td width=\"223\">Questo cookie \u00e8 associato a Google Analytics ed \u00e8 utilizzato per velocizzare le richeiste di accesso.<\/td>\n<\/tr>\n<\/tbody>\n<\/table>\n<\/div>\n<p>&nbsp;<\/p>\n<h3>-Dati forniti volontariamente dall\u2019utente-<\/h3>\n<p>L\u2019invio facoltativo, esplicito e volontario di dati personali da parte dell\u2019utente nei form di registrazione \/ raccolta dati personali presenti su questo sito comporta la successiva acquisizione dei dati forniti dal mittente, necessari per l\u2019erogazione del servizio richiesto. Specifiche informative verranno progressivamente riportate o visualizzate nelle pagine del sito predisposte per particolari servizi a richiesta.<\/p>\n<h3>FACOLTATIVIT\u00c0 DEL CONFERIMENTO DEI DATI<\/h3>\n<p>A parte quanto specificato per i dati di navigazione, l\u2019utente \u00e8 libero di fornire i dati personali riportati nei moduli di richiesta o comunque indicati in contatti per sollecitare l\u2019invio di materiale informativo o di altre comunicazioni. Il loro mancato conferimento pu\u00f2 comportare l\u2019impossibilit\u00e0 di ottenere quanto richiesto.<\/p>\n<p>Normalmente i browser permettono il controllo della maggior parte dei cookie tramite le impostazioni del browser stesso. Si ricorda tuttavia che la disabilitazione totale o parziale dei cookies c.d. tecnici pu\u00f2 compromettere l\u2019utilizzo delle funzionalit\u00e0 del sito. Ad ogni modo qualora l\u2019utente non desideri ricevere alcun tipo di cookies sul proprio elaboratore, n\u00e9 da questo sito, n\u00e9 da altri, pu\u00f2 elevare il livello di protezione privacy modificando le impostazioni di sicurezza del proprio browser:<\/p>\n<p>Chrome: <a href=\"https:\/\/support.google.com\/chrome\/answer\/95647?hl=it\">https:\/\/support.google.com\/chrome\/answer\/95647?hl=it<\/a><\/p>\n<p>Firefox: <a href=\"https:\/\/support.mozilla.org\/it\/kb\/Gestione%20dei%20cookie\">https:\/\/support.mozilla.org\/it\/kb\/Gestione%20dei%20cookie<\/a><\/p>\n<p>MS Edge: <a href=\"https:\/\/support.microsoft.com\/it-it\/microsoft-edge\/eliminare-i-cookie-in-microsoft-edge-63947406-40ac-c3b8-57b9-2a946a29ae09\">https:\/\/support.microsoft.com\/it-it\/microsoft-edge\/eliminare-i-cookie-in-microsoft-edge-63947406-40ac-c3b8-57b9-2a946a29ae09<\/a><\/p>\n<p>Opera: <a href=\"https:\/\/help.opera.com\/en\/latest\/web-references\/#cookies\">https:\/\/help.opera.com\/en\/latest\/web-references\/#cookies<\/a><\/p>\n<p>Safari: <a href=\"https:\/\/support.apple.com\/it-it\/HT201265\">https:\/\/support.apple.com\/it-it\/HT201265<\/a><\/p>\n<p>Si ricorda che \u00e8 possibile disabilitare in modo selettivo l&#8217;azione di Google Analytics installando sul proprio browser la componente di opt-out fornita da Google. Per disabilitare l&#8217;azione di Google Analytics, si rinvia al link di seguito indicato:<\/p>\n<p><a href=\"https:\/\/tools.google.com\/dlpage\/gaoptout\">https:\/\/tools.google.com\/dlpage\/gaoptout<\/a>.<\/p>\n<h3>COMUNICAZIONE DEI DATI PERSONALI<\/h3>\n<p>I dati personali raccolti potranno essere comunicati a soggetti terzi autorizzati per attivit\u00e0 strettamente connesse e strumentali all\u2019operativit\u00e0 del servizio, come la gestione del sistema informatico, o per trattamenti effettuati dalle altre societ\u00e0 con le medesime finalit\u00e0. Al di fuori di questi casi, i dati personali non saranno comunicati, n\u00e9 concessi ad alcuno, salvo previsione contrattuale o autorizzazione dei soggetti. In questo senso, i dati personali potrebbero essere trasmessi a terze parti, ma solo ed esclusivamente nel caso in cui:<\/p>\n<ul>\n<li>vi sia consenso esplicito a condividere i dati con terze parti;<\/li>\n<li>vi sia la necessit\u00e0 di condividere con terzi le informazioni al fine di prestare il servizio richiesto;<\/li>\n<li>ci\u00f2 sia necessario per adempiere a richieste dell&#8217;Autorit\u00e0 Giudiziaria o di Pubblica Sicurezza.<\/li>\n<\/ul>\n<p>I dati personali raccolti potranno essere comunicati alle Societ\u00e0 del Gruppo Rizzani de Eccher e\/o Branch o Cantieri in relazione alle finalit\u00e0 perseguite dalle singole Societ\u00e0. Qualora la comunicazione infragruppo avvengano verso Societ\u00e0 aventi sede fuori dal territorio dell\u2019Unione Europea, Rizzani de Eccher S.p.a. ottiene le necessarie garanzie affinch\u00e9 il trasferimento dei Dati sia effettuato conformemente a quanto prescritto al Capo V del GDPR.<\/p>\n<h3>LUOGO DI TRATTAMENTO DEI DATI<\/h3>\n<p>I trattamenti connessi ai servizi web di questo sito hanno luogo presso i server di Rizzani de Eccher S.p.A.<\/p>\n<h3>LINK AD ALTRI SITI WEB<\/h3>\n<p>Questo sito potrebbe contenere link o riferimenti per l\u2019accesso ad altri siti Web. La Societ\u00e0 non controlla le tecnologie di monitoraggio di altri siti Web ai quali la presente Policy non si applica.<\/p>\n<h3>TEMPO DI CONSERVAZIONE<\/h3>\n<p>I dati personali sono trattati con strumenti automatizzati per il tempo strettamente necessario a conseguire gli scopi per cui sono stati raccolti. I dati personali raccolti per finalit\u00e0 di analisi statistiche sono anonimizzati.<\/p>\n<h3>DIRITTI DEGLI INTERESSATI<\/h3>\n<p>Ai sensi degli articoli 15 e seguenti del Regolamento UE 2016\/679 i soggetti cui si riferiscono i dati personali hanno il diritto in qualunque momento di ottenere la conferma dell\u2019esistenza o meno della loro esistenza, di conoscerne il contenuto e l&#8217;origine o di richiederne specifiche (cancellazione, limitazione, aggiornamento, rettifica, integrazione dei dati o opposizione al trattamento). Gli interessati hanno altres\u00ec il diritto di proporre reclamo a un&#8217;autorit\u00e0 di controllo qualora ritengano che i diritti qui indicati non siano stati riconosciuti.<\/p>\n<h3>MODIFICHE ALLE PRESENTI POLITICHE SULLA PRIVACY<\/h3>\n<p>Rizzani de Eccher S.p.A. verifica periodicamente le proprie politiche relative alla privacy e alla sicurezza e, se del caso, le rivede in relazione alle modifiche normative, organizzative o dettate dall\u2019evoluzione tecnologica. In caso di modifica delle politiche, la nuova versione sar\u00e0 pubblicata in questa pagina del sito.<\/p>\n<h3>DOMANDE, RECLAMI E SUGGERIMENTI<\/h3>\n<p>Chiunque fosse interessato a maggiori informazioni, a contribuire con propri suggerimenti o avanzare reclami o contestazioni in merito alle politiche privacy della societ\u00e0 o sul modo in cui Rizzani de Eccher S.p.A. tratta i dati personali, pu\u00f2 effettuarlo scrivendo al seguente indirizzo e-mail: <a href=\"mailto:mail@rde.it\">mail@rde.it<\/a>.<\/p>\n<p>&nbsp;<\/p>\n","protected":false},"excerpt":{"rendered":"<p>RIFERIMENTI NORMATIVI Decreto Legislativo 30 giugno 2003, n. 196 \u2013 \u201cCodice in materia di protezione dei dati personali\u201d Regolamento UE 2016\/679 del 27 aprile 2016 relativo alla protezione delle persone fisiche con riguardo al trattamento dei dati personali, nonch\u00e9 alla libera circolazione di tali dati. IL TITOLARE DEL TRATTAMENTO Il Titolare del trattamento \u00e8 Rizzani [&hellip;]<\/p>\n","protected":false},"author":1,"featured_media":0,"parent":0,"menu_order":67,"comment_status":"closed","ping_status":"closed","template":"","meta":{"_acf_changed":false,"footnotes":""},"class_list":["post-2947","page","type-page","status-publish","hentry"],"acf":[],"yoast_head":"<!-- This site is optimized with the Yoast SEO plugin v27.3 - https:\/\/yoast.com\/product\/yoast-seo-wordpress\/ -->\n<title>Privacy Policy - Rizzani de Eccher<\/title>\n<meta name=\"robots\" content=\"index, follow, max-snippet:-1, max-image-preview:large, max-video-preview:-1\" \/>\n<link rel=\"canonical\" href=\"https:\/\/rde.it\/it\/privacy-policy\/\" \/>\n<meta property=\"og:locale\" content=\"it_IT\" \/>\n<meta property=\"og:type\" content=\"article\" \/>\n<meta property=\"og:title\" content=\"Privacy Policy - Rizzani de Eccher\" \/>\n<meta property=\"og:description\" content=\"RIFERIMENTI NORMATIVI Decreto Legislativo 30 giugno 2003, n. 196 \u2013 \u201cCodice in materia di protezione dei dati personali\u201d Regolamento UE 2016\/679 del 27 aprile 2016 relativo alla protezione delle persone fisiche con riguardo al trattamento dei dati personali, nonch\u00e9 alla libera circolazione di tali dati. IL TITOLARE DEL TRATTAMENTO Il Titolare del trattamento \u00e8 Rizzani [&hellip;]\" \/>\n<meta property=\"og:url\" content=\"https:\/\/rde.it\/it\/privacy-policy\/\" \/>\n<meta property=\"og:site_name\" content=\"Rizzani de Eccher\" \/>\n<meta property=\"article:modified_time\" content=\"2024-11-07T13:22:41+00:00\" \/>\n<meta name=\"twitter:card\" content=\"summary_large_image\" \/>\n<meta name=\"twitter:label1\" content=\"Tempo di lettura stimato\" \/>\n\t<meta name=\"twitter:data1\" content=\"7 minuti\" \/>\n<script type=\"application\/ld+json\" class=\"yoast-schema-graph\">{\"@context\":\"https:\\\/\\\/schema.org\",\"@graph\":[{\"@type\":\"WebPage\",\"@id\":\"https:\\\/\\\/rde.it\\\/it\\\/privacy-policy\\\/\",\"url\":\"https:\\\/\\\/rde.it\\\/it\\\/privacy-policy\\\/\",\"name\":\"Privacy Policy - Rizzani de Eccher\",\"isPartOf\":{\"@id\":\"https:\\\/\\\/rde.it\\\/en\\\/#website\"},\"datePublished\":\"2022-07-06T16:09:14+00:00\",\"dateModified\":\"2024-11-07T13:22:41+00:00\",\"breadcrumb\":{\"@id\":\"https:\\\/\\\/rde.it\\\/it\\\/privacy-policy\\\/#breadcrumb\"},\"inLanguage\":\"it-IT\",\"potentialAction\":[{\"@type\":\"ReadAction\",\"target\":[\"https:\\\/\\\/rde.it\\\/it\\\/privacy-policy\\\/\"]}]},{\"@type\":\"BreadcrumbList\",\"@id\":\"https:\\\/\\\/rde.it\\\/it\\\/privacy-policy\\\/#breadcrumb\",\"itemListElement\":[{\"@type\":\"ListItem\",\"position\":1,\"name\":\"Home\",\"item\":\"https:\\\/\\\/rde.it\\\/it\\\/\"},{\"@type\":\"ListItem\",\"position\":2,\"name\":\"Privacy Policy\"}]},{\"@type\":\"WebSite\",\"@id\":\"https:\\\/\\\/rde.it\\\/en\\\/#website\",\"url\":\"https:\\\/\\\/rde.it\\\/en\\\/\",\"name\":\"Rizzani de Eccher\",\"description\":\"General contractor\",\"publisher\":{\"@id\":\"https:\\\/\\\/rde.it\\\/en\\\/#organization\"},\"potentialAction\":[{\"@type\":\"SearchAction\",\"target\":{\"@type\":\"EntryPoint\",\"urlTemplate\":\"https:\\\/\\\/rde.it\\\/en\\\/?s={search_term_string}\"},\"query-input\":{\"@type\":\"PropertyValueSpecification\",\"valueRequired\":true,\"valueName\":\"search_term_string\"}}],\"inLanguage\":\"it-IT\"},{\"@type\":\"Organization\",\"@id\":\"https:\\\/\\\/rde.it\\\/en\\\/#organization\",\"name\":\"Rizzani de Eccher\",\"url\":\"https:\\\/\\\/rde.it\\\/en\\\/\",\"logo\":{\"@type\":\"ImageObject\",\"inLanguage\":\"it-IT\",\"@id\":\"https:\\\/\\\/rde.it\\\/en\\\/#\\\/schema\\\/logo\\\/image\\\/\",\"url\":\"https:\\\/\\\/rde.it\\\/wp-content\\\/uploads\\\/2021\\\/10\\\/logoDeEccher.svg\",\"contentUrl\":\"https:\\\/\\\/rde.it\\\/wp-content\\\/uploads\\\/2021\\\/10\\\/logoDeEccher.svg\",\"width\":250,\"height\":60,\"caption\":\"Rizzani de Eccher\"},\"image\":{\"@id\":\"https:\\\/\\\/rde.it\\\/en\\\/#\\\/schema\\\/logo\\\/image\\\/\"}}]}<\/script>\n<!-- \/ Yoast SEO plugin. -->","yoast_head_json":{"title":"Privacy Policy - Rizzani de Eccher","robots":{"index":"index","follow":"follow","max-snippet":"max-snippet:-1","max-image-preview":"max-image-preview:large","max-video-preview":"max-video-preview:-1"},"canonical":"https:\/\/rde.it\/it\/privacy-policy\/","og_locale":"it_IT","og_type":"article","og_title":"Privacy Policy - Rizzani de Eccher","og_description":"RIFERIMENTI NORMATIVI Decreto Legislativo 30 giugno 2003, n. 196 \u2013 \u201cCodice in materia di protezione dei dati personali\u201d Regolamento UE 2016\/679 del 27 aprile 2016 relativo alla protezione delle persone fisiche con riguardo al trattamento dei dati personali, nonch\u00e9 alla libera circolazione di tali dati. IL TITOLARE DEL TRATTAMENTO Il Titolare del trattamento \u00e8 Rizzani [&hellip;]","og_url":"https:\/\/rde.it\/it\/privacy-policy\/","og_site_name":"Rizzani de Eccher","article_modified_time":"2024-11-07T13:22:41+00:00","twitter_card":"summary_large_image","twitter_misc":{"Tempo di lettura stimato":"7 minuti"},"schema":{"@context":"https:\/\/schema.org","@graph":[{"@type":"WebPage","@id":"https:\/\/rde.it\/it\/privacy-policy\/","url":"https:\/\/rde.it\/it\/privacy-policy\/","name":"Privacy Policy - Rizzani de Eccher","isPartOf":{"@id":"https:\/\/rde.it\/en\/#website"},"datePublished":"2022-07-06T16:09:14+00:00","dateModified":"2024-11-07T13:22:41+00:00","breadcrumb":{"@id":"https:\/\/rde.it\/it\/privacy-policy\/#breadcrumb"},"inLanguage":"it-IT","potentialAction":[{"@type":"ReadAction","target":["https:\/\/rde.it\/it\/privacy-policy\/"]}]},{"@type":"BreadcrumbList","@id":"https:\/\/rde.it\/it\/privacy-policy\/#breadcrumb","itemListElement":[{"@type":"ListItem","position":1,"name":"Home","item":"https:\/\/rde.it\/it\/"},{"@type":"ListItem","position":2,"name":"Privacy Policy"}]},{"@type":"WebSite","@id":"https:\/\/rde.it\/en\/#website","url":"https:\/\/rde.it\/en\/","name":"Rizzani de Eccher","description":"General contractor","publisher":{"@id":"https:\/\/rde.it\/en\/#organization"},"potentialAction":[{"@type":"SearchAction","target":{"@type":"EntryPoint","urlTemplate":"https:\/\/rde.it\/en\/?s={search_term_string}"},"query-input":{"@type":"PropertyValueSpecification","valueRequired":true,"valueName":"search_term_string"}}],"inLanguage":"it-IT"},{"@type":"Organization","@id":"https:\/\/rde.it\/en\/#organization","name":"Rizzani de Eccher","url":"https:\/\/rde.it\/en\/","logo":{"@type":"ImageObject","inLanguage":"it-IT","@id":"https:\/\/rde.it\/en\/#\/schema\/logo\/image\/","url":"https:\/\/rde.it\/wp-content\/uploads\/2021\/10\/logoDeEccher.svg","contentUrl":"https:\/\/rde.it\/wp-content\/uploads\/2021\/10\/logoDeEccher.svg","width":250,"height":60,"caption":"Rizzani de Eccher"},"image":{"@id":"https:\/\/rde.it\/en\/#\/schema\/logo\/image\/"}}]}},"distributor_meta":false,"distributor_terms":false,"distributor_media":false,"distributor_original_site_name":"Rizzani de Eccher","distributor_original_site_url":"https:\/\/rde.it\/it\/","push-errors":false,"_links":{"self":[{"href":"https:\/\/rde.it\/it\/wp-json\/wp\/v2\/pages\/2947","targetHints":{"allow":["GET"]}}],"collection":[{"href":"https:\/\/rde.it\/it\/wp-json\/wp\/v2\/pages"}],"about":[{"href":"https:\/\/rde.it\/it\/wp-json\/wp\/v2\/types\/page"}],"author":[{"embeddable":true,"href":"https:\/\/rde.it\/it\/wp-json\/wp\/v2\/users\/1"}],"replies":[{"embeddable":true,"href":"https:\/\/rde.it\/it\/wp-json\/wp\/v2\/comments?post=2947"}],"version-history":[{"count":10,"href":"https:\/\/rde.it\/it\/wp-json\/wp\/v2\/pages\/2947\/revisions"}],"predecessor-version":[{"id":9204,"href":"https:\/\/rde.it\/it\/wp-json\/wp\/v2\/pages\/2947\/revisions\/9204"}],"wp:attachment":[{"href":"https:\/\/rde.it\/it\/wp-json\/wp\/v2\/media?parent=2947"}],"curies":[{"name":"wp","href":"https:\/\/api.w.org\/{rel}","templated":true}]}}